{"id":3224,"date":"2019-11-08T19:55:01","date_gmt":"2019-11-08T18:55:01","guid":{"rendered":"https:\/\/www.sabbafrisca.com\/informazioni\/"},"modified":"2024-01-17T15:29:52","modified_gmt":"2024-01-17T14:29:52","slug":"informace","status":"publish","type":"page","link":"https:\/\/www.sabbafrisca.com\/cs\/informace\/","title":{"rendered":"Informace"},"content":{"rendered":"<p><strong>Jak se k n\u00e1m dostanete<\/strong><\/p>\n<p>Autobusem nebo autem: Je\u010fte s.s. 125, kter\u00e1 spojuje Dorgali a Cala Gonone s Orosei.<\/p>\n<p>Na 209 400 km odbo\u010dte na k\u0159i\u017eovatku ke skanzenu a jeskyni Ispinigoli.<\/p>\n<p>Pokra\u010dujte po obecn\u00ed silnici 5 km a po lev\u00e9 stran\u011b opus\u0165te silnice k pl\u00e1\u017e\u00edm Osala di Dorgali a Cala Cartoe.<\/p>\n<p>Autem z Dorgali: Krom\u011b itiner\u00e1\u0159e po s.s. 125, je mo\u017en\u00e9 jet po obecn\u00ed silnici 5 km, kter\u00e1 z vrchu okruhu vede pobl\u00ed\u017e v\u011bdeck\u00e9 st\u0159edn\u00ed \u0161koly k pl\u00e1\u017ei Cala Cartoe lesem Littu.<\/p>\n<p>&nbsp;<\/p>\n<p>Autem z Cala Gonone: Je\u010fte po silnici z p\u0159\u00edstavu 4 km na pl\u00e1\u017ee Cala Cartoe a Osala p\u0159es pr\u016fsmyk Irghiriai.<\/p>\n<p>&nbsp;<\/p>\n<p>&nbsp;<\/p>\n<p>Skanzen S&#8217;Abba Frisca m\u00e1 velk\u00e9 vnit\u0159n\u00ed parkovi\u0161t\u011b s man\u00e9vrovac\u00edm prostorem a parkovac\u00ed plochu pro 4-5 autobus\u016f.<\/p>\n<p>&nbsp;<\/p>\n<p>GPS sou\u0159adnice: \u0161i\u0159. 40,307452, v\u00fd\u0161. 9,62993<\/p>\n<p><strong>Partnersk\u00e9 str\u00e1nky:<\/strong><\/p>\n<p><a href=\"https:\/\/www.museoarcheologicodorgali.com\/\">Museo Archeologico di Dorgali<\/a><\/p>\n<p><a href=\"https:\/\/www.grottaispinigoli.com\/\">Grotta di Ispinigoli<\/a><\/p>\n<p><a href=\"https:\/\/www.ghivine.com\/\">Cooperativa Ghivine<\/a><\/p>\n","protected":false},"excerpt":{"rendered":"<p>Jak se k n\u00e1m dostanete Autobusem nebo autem: Je\u010fte s.s. 125, kter\u00e1 spojuje Dorgali a Cala Gonone s Orosei. Na 209 400 km odbo\u010dte na k\u0159i\u017eovatku ke skanzenu a jeskyni&#8230;<\/p>\n","protected":false},"author":1,"featured_media":2712,"parent":0,"menu_order":0,"comment_status":"closed","ping_status":"closed","template":"page-info.php","meta":{"_acf_changed":false,"footnotes":""},"class_list":["post-3224","page","type-page","status-publish","has-post-thumbnail","hentry"],"acf":[],"yoast_head":"<!-- This site is optimized with the Yoast SEO plugin v25.9 - https:\/\/yoast.com\/wordpress\/plugins\/seo\/ -->\n<title>Informace - S&#039;Abba Frisca Parco Museo<\/title>\n<meta name=\"description\" content=\"InformaceSkanzen S&#039;Abba Frisca Dorgali\" \/>\n<meta name=\"robots\" content=\"index, follow, max-snippet:-1, max-image-preview:large, max-video-preview:-1\" \/>\n<link rel=\"canonical\" href=\"https:\/\/www.sabbafrisca.com\/cs\/informace\/\" \/>\n<meta property=\"og:locale\" content=\"cs_CZ\" \/>\n<meta property=\"og:type\" content=\"article\" \/>\n<meta property=\"og:title\" content=\"Informace - S&#039;Abba Frisca Parco Museo\" \/>\n<meta property=\"og:description\" content=\"InformaceSkanzen S&#039;Abba Frisca Dorgali\" \/>\n<meta property=\"og:url\" content=\"https:\/\/www.sabbafrisca.com\/cs\/informace\/\" \/>\n<meta property=\"og:site_name\" content=\"S&#039;Abba Frisca Parco Museo\" \/>\n<meta property=\"article:publisher\" content=\"https:\/\/www.facebook.com\/sabbafrisca\" \/>\n<meta property=\"article:modified_time\" content=\"2024-01-17T14:29:52+00:00\" \/>\n<meta property=\"og:image\" content=\"https:\/\/www.sabbafrisca.com\/wp-content\/uploads\/2019\/12\/Informazioni-scaled.jpg\" \/>\n\t<meta property=\"og:image:width\" content=\"2560\" \/>\n\t<meta property=\"og:image:height\" content=\"1120\" \/>\n\t<meta property=\"og:image:type\" content=\"image\/jpeg\" \/>\n<meta name=\"twitter:card\" content=\"summary_large_image\" \/>\n<meta name=\"twitter:site\" content=\"@sabbafrisca\" \/>\n<meta name=\"twitter:label1\" content=\"Odhadovan\u00e1 doba \u010dten\u00ed\" \/>\n\t<meta name=\"twitter:data1\" content=\"1 minuta\" \/>\n<script type=\"application\/ld+json\" class=\"yoast-schema-graph\">{\"@context\":\"https:\/\/schema.org\",\"@graph\":[{\"@type\":\"WebPage\",\"@id\":\"https:\/\/www.sabbafrisca.com\/cs\/informace\/\",\"url\":\"https:\/\/www.sabbafrisca.com\/cs\/informace\/\",\"name\":\"Informace - S&#039;Abba Frisca Parco Museo\",\"isPartOf\":{\"@id\":\"https:\/\/www.sabbafrisca.com\/cs\/#website\"},\"primaryImageOfPage\":{\"@id\":\"https:\/\/www.sabbafrisca.com\/cs\/informace\/#primaryimage\"},\"image\":{\"@id\":\"https:\/\/www.sabbafrisca.com\/cs\/informace\/#primaryimage\"},\"thumbnailUrl\":\"https:\/\/www.sabbafrisca.com\/wp-content\/uploads\/2019\/12\/Informazioni-scaled.jpg\",\"datePublished\":\"2019-11-08T18:55:01+00:00\",\"dateModified\":\"2024-01-17T14:29:52+00:00\",\"description\":\"InformaceSkanzen S'Abba Frisca Dorgali\",\"breadcrumb\":{\"@id\":\"https:\/\/www.sabbafrisca.com\/cs\/informace\/#breadcrumb\"},\"inLanguage\":\"cs\",\"potentialAction\":[{\"@type\":\"ReadAction\",\"target\":[\"https:\/\/www.sabbafrisca.com\/cs\/informace\/\"]}]},{\"@type\":\"ImageObject\",\"inLanguage\":\"cs\",\"@id\":\"https:\/\/www.sabbafrisca.com\/cs\/informace\/#primaryimage\",\"url\":\"https:\/\/www.sabbafrisca.com\/wp-content\/uploads\/2019\/12\/Informazioni-scaled.jpg\",\"contentUrl\":\"https:\/\/www.sabbafrisca.com\/wp-content\/uploads\/2019\/12\/Informazioni-scaled.jpg\",\"width\":2560,\"height\":1120},{\"@type\":\"BreadcrumbList\",\"@id\":\"https:\/\/www.sabbafrisca.com\/cs\/informace\/#breadcrumb\",\"itemListElement\":[{\"@type\":\"ListItem\",\"position\":1,\"name\":\"Home\",\"item\":\"https:\/\/www.sabbafrisca.com\/cs\/\"},{\"@type\":\"ListItem\",\"position\":2,\"name\":\"Informace\"}]},{\"@type\":\"WebSite\",\"@id\":\"https:\/\/www.sabbafrisca.com\/cs\/#website\",\"url\":\"https:\/\/www.sabbafrisca.com\/cs\/\",\"name\":\"S&#039;Abba Frisca Parco Museo\",\"description\":\"A Dorgali, il Parco Museo della Sardegna\",\"publisher\":{\"@id\":\"https:\/\/www.sabbafrisca.com\/cs\/#organization\"},\"potentialAction\":[{\"@type\":\"SearchAction\",\"target\":{\"@type\":\"EntryPoint\",\"urlTemplate\":\"https:\/\/www.sabbafrisca.com\/cs\/?s={search_term_string}\"},\"query-input\":{\"@type\":\"PropertyValueSpecification\",\"valueRequired\":true,\"valueName\":\"search_term_string\"}}],\"inLanguage\":\"cs\"},{\"@type\":\"Organization\",\"@id\":\"https:\/\/www.sabbafrisca.com\/cs\/#organization\",\"name\":\"Parco Museo S'Abba Frisca\",\"url\":\"https:\/\/www.sabbafrisca.com\/cs\/\",\"logo\":{\"@type\":\"ImageObject\",\"inLanguage\":\"cs\",\"@id\":\"https:\/\/www.sabbafrisca.com\/cs\/#\/schema\/logo\/image\/\",\"url\":\"https:\/\/www.sabbafrisca.com\/wp-content\/uploads\/2022\/01\/Marchio-a-colori.png\",\"contentUrl\":\"https:\/\/www.sabbafrisca.com\/wp-content\/uploads\/2022\/01\/Marchio-a-colori.png\",\"width\":1500,\"height\":1572,\"caption\":\"Parco Museo S'Abba Frisca\"},\"image\":{\"@id\":\"https:\/\/www.sabbafrisca.com\/cs\/#\/schema\/logo\/image\/\"},\"sameAs\":[\"https:\/\/www.facebook.com\/sabbafrisca\",\"https:\/\/x.com\/sabbafrisca\",\"https:\/\/www.instagram.com\/sabbafrisca\/\",\"https:\/\/twitter.com\/sabbafrisca\"]}]}<\/script>\n<!-- \/ Yoast SEO plugin. -->","yoast_head_json":{"title":"Informace - S&#039;Abba Frisca Parco Museo","description":"InformaceSkanzen S'Abba Frisca Dorgali","robots":{"index":"index","follow":"follow","max-snippet":"max-snippet:-1","max-image-preview":"max-image-preview:large","max-video-preview":"max-video-preview:-1"},"canonical":"https:\/\/www.sabbafrisca.com\/cs\/informace\/","og_locale":"cs_CZ","og_type":"article","og_title":"Informace - S&#039;Abba Frisca Parco Museo","og_description":"InformaceSkanzen S'Abba Frisca Dorgali","og_url":"https:\/\/www.sabbafrisca.com\/cs\/informace\/","og_site_name":"S&#039;Abba Frisca Parco Museo","article_publisher":"https:\/\/www.facebook.com\/sabbafrisca","article_modified_time":"2024-01-17T14:29:52+00:00","og_image":[{"width":2560,"height":1120,"url":"https:\/\/www.sabbafrisca.com\/wp-content\/uploads\/2019\/12\/Informazioni-scaled.jpg","type":"image\/jpeg"}],"twitter_card":"summary_large_image","twitter_site":"@sabbafrisca","twitter_misc":{"Odhadovan\u00e1 doba \u010dten\u00ed":"1 minuta"},"schema":{"@context":"https:\/\/schema.org","@graph":[{"@type":"WebPage","@id":"https:\/\/www.sabbafrisca.com\/cs\/informace\/","url":"https:\/\/www.sabbafrisca.com\/cs\/informace\/","name":"Informace - S&#039;Abba Frisca Parco Museo","isPartOf":{"@id":"https:\/\/www.sabbafrisca.com\/cs\/#website"},"primaryImageOfPage":{"@id":"https:\/\/www.sabbafrisca.com\/cs\/informace\/#primaryimage"},"image":{"@id":"https:\/\/www.sabbafrisca.com\/cs\/informace\/#primaryimage"},"thumbnailUrl":"https:\/\/www.sabbafrisca.com\/wp-content\/uploads\/2019\/12\/Informazioni-scaled.jpg","datePublished":"2019-11-08T18:55:01+00:00","dateModified":"2024-01-17T14:29:52+00:00","description":"InformaceSkanzen S'Abba Frisca Dorgali","breadcrumb":{"@id":"https:\/\/www.sabbafrisca.com\/cs\/informace\/#breadcrumb"},"inLanguage":"cs","potentialAction":[{"@type":"ReadAction","target":["https:\/\/www.sabbafrisca.com\/cs\/informace\/"]}]},{"@type":"ImageObject","inLanguage":"cs","@id":"https:\/\/www.sabbafrisca.com\/cs\/informace\/#primaryimage","url":"https:\/\/www.sabbafrisca.com\/wp-content\/uploads\/2019\/12\/Informazioni-scaled.jpg","contentUrl":"https:\/\/www.sabbafrisca.com\/wp-content\/uploads\/2019\/12\/Informazioni-scaled.jpg","width":2560,"height":1120},{"@type":"BreadcrumbList","@id":"https:\/\/www.sabbafrisca.com\/cs\/informace\/#breadcrumb","itemListElement":[{"@type":"ListItem","position":1,"name":"Home","item":"https:\/\/www.sabbafrisca.com\/cs\/"},{"@type":"ListItem","position":2,"name":"Informace"}]},{"@type":"WebSite","@id":"https:\/\/www.sabbafrisca.com\/cs\/#website","url":"https:\/\/www.sabbafrisca.com\/cs\/","name":"S&#039;Abba Frisca Parco Museo","description":"A Dorgali, il Parco Museo della Sardegna","publisher":{"@id":"https:\/\/www.sabbafrisca.com\/cs\/#organization"},"potentialAction":[{"@type":"SearchAction","target":{"@type":"EntryPoint","urlTemplate":"https:\/\/www.sabbafrisca.com\/cs\/?s={search_term_string}"},"query-input":{"@type":"PropertyValueSpecification","valueRequired":true,"valueName":"search_term_string"}}],"inLanguage":"cs"},{"@type":"Organization","@id":"https:\/\/www.sabbafrisca.com\/cs\/#organization","name":"Parco Museo S'Abba Frisca","url":"https:\/\/www.sabbafrisca.com\/cs\/","logo":{"@type":"ImageObject","inLanguage":"cs","@id":"https:\/\/www.sabbafrisca.com\/cs\/#\/schema\/logo\/image\/","url":"https:\/\/www.sabbafrisca.com\/wp-content\/uploads\/2022\/01\/Marchio-a-colori.png","contentUrl":"https:\/\/www.sabbafrisca.com\/wp-content\/uploads\/2022\/01\/Marchio-a-colori.png","width":1500,"height":1572,"caption":"Parco Museo S'Abba Frisca"},"image":{"@id":"https:\/\/www.sabbafrisca.com\/cs\/#\/schema\/logo\/image\/"},"sameAs":["https:\/\/www.facebook.com\/sabbafrisca","https:\/\/x.com\/sabbafrisca","https:\/\/www.instagram.com\/sabbafrisca\/","https:\/\/twitter.com\/sabbafrisca"]}]}},"_links":{"self":[{"href":"https:\/\/www.sabbafrisca.com\/cs\/wp-json\/wp\/v2\/pages\/3224","targetHints":{"allow":["GET"]}}],"collection":[{"href":"https:\/\/www.sabbafrisca.com\/cs\/wp-json\/wp\/v2\/pages"}],"about":[{"href":"https:\/\/www.sabbafrisca.com\/cs\/wp-json\/wp\/v2\/types\/page"}],"author":[{"embeddable":true,"href":"https:\/\/www.sabbafrisca.com\/cs\/wp-json\/wp\/v2\/users\/1"}],"replies":[{"embeddable":true,"href":"https:\/\/www.sabbafrisca.com\/cs\/wp-json\/wp\/v2\/comments?post=3224"}],"version-history":[{"count":3,"href":"https:\/\/www.sabbafrisca.com\/cs\/wp-json\/wp\/v2\/pages\/3224\/revisions"}],"predecessor-version":[{"id":3229,"href":"https:\/\/www.sabbafrisca.com\/cs\/wp-json\/wp\/v2\/pages\/3224\/revisions\/3229"}],"wp:featuredmedia":[{"embeddable":true,"href":"https:\/\/www.sabbafrisca.com\/cs\/wp-json\/wp\/v2\/media\/2712"}],"wp:attachment":[{"href":"https:\/\/www.sabbafrisca.com\/cs\/wp-json\/wp\/v2\/media?parent=3224"}],"curies":[{"name":"wp","href":"https:\/\/api.w.org\/{rel}","templated":true}]}}