{"id":1408,"date":"2019-11-08T19:57:33","date_gmt":"2019-11-08T18:57:33","guid":{"rendered":"https:\/\/www.sabbafrisca.com\/das-gebiet\/cala-gonone\/"},"modified":"2020-10-01T11:44:21","modified_gmt":"2020-10-01T09:44:21","slug":"cala-gonone","status":"publish","type":"page","link":"https:\/\/www.sabbafrisca.com\/de\/das-gebiet\/cala-gonone\/","title":{"rendered":"Cala Gonone"},"content":{"rendered":"\n<div class=\"wp-block-columns alignfull is-layout-flex wp-container-core-columns-is-layout-9d6595d7 wp-block-columns-is-layout-flex\">\n<div class=\"wp-block-column is-layout-flow wp-block-column-is-layout-flow\">\n<figure class=\"wp-block-image size-large\"><img loading=\"lazy\" decoding=\"async\" width=\"1920\" height=\"1334\" src=\"https:\/\/www.sabbafrisca.com\/wp-content\/uploads\/2019\/12\/Territorio-Gonone-A-1920x1334.jpg\" alt=\"\" class=\"wp-image-371\" srcset=\"https:\/\/www.sabbafrisca.com\/wp-content\/uploads\/2019\/12\/Territorio-Gonone-A-1920x1334.jpg 1920w, https:\/\/www.sabbafrisca.com\/wp-content\/uploads\/2019\/12\/Territorio-Gonone-A-1024x711.jpg 1024w, https:\/\/www.sabbafrisca.com\/wp-content\/uploads\/2019\/12\/Territorio-Gonone-A-768x533.jpg 768w, https:\/\/www.sabbafrisca.com\/wp-content\/uploads\/2019\/12\/Territorio-Gonone-A-1536x1067.jpg 1536w, https:\/\/www.sabbafrisca.com\/wp-content\/uploads\/2019\/12\/Territorio-Gonone-A-2048x1422.jpg 2048w, https:\/\/www.sabbafrisca.com\/wp-content\/uploads\/2019\/12\/Territorio-Gonone-A-200x139.jpg 200w, https:\/\/www.sabbafrisca.com\/wp-content\/uploads\/2019\/12\/Territorio-Gonone-A-299x208.jpg 299w, https:\/\/www.sabbafrisca.com\/wp-content\/uploads\/2019\/12\/Territorio-Gonone-A-399x277.jpg 399w, https:\/\/www.sabbafrisca.com\/wp-content\/uploads\/2019\/12\/Territorio-Gonone-A-479x333.jpg 479w, https:\/\/www.sabbafrisca.com\/wp-content\/uploads\/2019\/12\/Territorio-Gonone-A-639x444.jpg 639w, https:\/\/www.sabbafrisca.com\/wp-content\/uploads\/2019\/12\/Territorio-Gonone-A-799x555.jpg 799w, https:\/\/www.sabbafrisca.com\/wp-content\/uploads\/2019\/12\/Territorio-Gonone-A-898x624.jpg 898w, https:\/\/www.sabbafrisca.com\/wp-content\/uploads\/2019\/12\/Territorio-Gonone-A-998x693.jpg 998w, https:\/\/www.sabbafrisca.com\/wp-content\/uploads\/2019\/12\/Territorio-Gonone-A-1198x832.jpg 1198w, https:\/\/www.sabbafrisca.com\/wp-content\/uploads\/2019\/12\/Territorio-Gonone-A-400x278.jpg 400w, https:\/\/www.sabbafrisca.com\/wp-content\/uploads\/2019\/12\/Territorio-Gonone-A-599x416.jpg 599w, https:\/\/www.sabbafrisca.com\/wp-content\/uploads\/2019\/12\/Territorio-Gonone-A-798x554.jpg 798w, https:\/\/www.sabbafrisca.com\/wp-content\/uploads\/2019\/12\/Territorio-Gonone-A-959x666.jpg 959w, https:\/\/www.sabbafrisca.com\/wp-content\/uploads\/2019\/12\/Territorio-Gonone-A-1279x888.jpg 1279w, https:\/\/www.sabbafrisca.com\/wp-content\/uploads\/2019\/12\/Territorio-Gonone-A-1598x1110.jpg 1598w, https:\/\/www.sabbafrisca.com\/wp-content\/uploads\/2019\/12\/Territorio-Gonone-A-1797x1248.jpg 1797w, https:\/\/www.sabbafrisca.com\/wp-content\/uploads\/2019\/12\/Territorio-Gonone-A-1996x1386.jpg 1996w\" sizes=\"auto, (max-width: 1920px) 100vw, 1920px\" \/><\/figure>\n<\/div>\n\n\n\n<div class=\"wp-block-column txt is-layout-flow wp-block-column-is-layout-flow\">\n<h2 class=\"wp-block-heading\">Cala Gonone<\/h2>\n\n\n\n<p>Cala Gonone, ein touristischer Weiler von Dorgali im Zentrum des Golfs von Orosei, liegt nur 4 km vom Park Museum S&#8217;Abba Frisca entfernt. Es ist ein Bezugspunkt f\u00fcr jeden, der die sch\u00f6nsten Str\u00e4nde des Mittelmeers besuchen m\u00f6chte und das Hinterland erkunden m\u00f6chte, das reich an arch\u00e4ologischen und naturalistischen St\u00e4tten von gro\u00dfem Interesse ist. Umgeben von Kalksteinbergen und Steineichenw\u00e4ldern, die ein nat\u00fcrliches Amphitheater von au\u00dferordentlicher Sch\u00f6nheit bilden, stellt es den Treffpunkt zwischen dem Supramonte und dem Meer dar. Der seit den ersten Jahrzehnten des zwanzigsten Jahrhunderts bekannte Badeort ist vom Park Museum aus \u00fcber den Irghiriai-Pass oder von Dorgali aus durch den Tunnel auf dem Berg Bardia zu erreichen.<\/p>\n\n\n\n<h3 class=\"wp-block-heading\">ZU SEHEN<\/h3>\n\n\n\n<h4 class=\"wp-block-heading\">Der Golf und die Str\u00e4nde<\/h4>\n\n\n\n<p>Die Anwesenheit des Yachthafens macht Cala Gonone zu einem privilegierten Ausgangspunkt f\u00fcr Minikreuzfahrten im Golf von Orosei, dank des Serviceangebots des Consorzio Trasporti Marittimi und des Consorzio Noleggiatori Cala Gonone. Man erreicht die ber\u00fchmte Grotte del Bue Marino (Meeresochsenh\u00f6hlen), das Tor zum l\u00e4ngsten H\u00f6hlensystem Italiens, in dem bis in die 1980er Jahre die letzten Exemplare der M\u00f6nchsrobbe gesichtet werden konnten. Auf der gleichen Route liegen die wundersch\u00f6nen Str\u00e4nde von Cala Fuili, Cala Luna, Cala Mariolu, Cala Goloritz\u00e8 und andere, die zu den ber\u00fchmtesten Sardiniens und Europas geh\u00f6ren.<\/p>\n<\/div>\n<\/div>\n\n\n\n<div class=\"wp-block-columns alignfull is-layout-flex wp-container-core-columns-is-layout-9d6595d7 wp-block-columns-is-layout-flex\">\n<div class=\"wp-block-column txt is-layout-flow wp-block-column-is-layout-flow\">\n<h4 class=\"wp-block-heading\">Aktivit\u00e4ten und Ausfl\u00fcge in Cala Gonone<\/h4>\n\n\n\n<p>Nicht weit vom Hafen entfernt befindet sich der Zentralstrand und die Promenade, die einen angenehmen Spaziergang zum Park von Palmasera bietet, einem Ort, der den Ereignissen gewidmet ist, die den Badeort im Sommer beleben. Cala Gonone gilt als das Kletterparadies Sardiniens wegen seiner steilen Felsw\u00e4nde und seiner Dutzenden von ausger\u00fcsteten Routen. Dank des ganzj\u00e4hrig milden Klimas und der Pr\u00e4senz zahlreicher Betreiber, die hochqualifizierte Dienstleistungen anbieten, ist es m\u00f6glich, ein breites Spektrum an Sport- und Outdoor-Aktivit\u00e4ten wie Trekking, Kajakfahren, H\u00f6hlenwanderungen, Tauchen, Reiten oder Fat Biking auszu\u00fcben.<\/p>\n\n\n\n<h4 class=\"wp-block-heading\">Hotels und Dienstleistungen in Cala Gonone<\/h4>\n\n\n\n<p>Es gibt viele Hotels, Resorts, B&amp;Bs, in denen man sowohl in der Hochsaison als auch im Winter \u00fcbernachten kann. Um zum Park Museum S&#8217;Abba Frisca zu gelangen, kann man in Cala Gonone pedalunterst\u00fctzte Fahrr\u00e4der, Roller oder Autos mieten. Es gibt auch einen Tuk-Tuk-Taxiservice und einen Mietwagen mit Fahrer.<\/p>\n<\/div>\n\n\n\n<div class=\"wp-block-column is-layout-flow wp-block-column-is-layout-flow\">\n<figure class=\"wp-block-image size-large\"><img loading=\"lazy\" decoding=\"async\" width=\"1920\" height=\"1334\" src=\"https:\/\/www.sabbafrisca.com\/wp-content\/uploads\/2019\/12\/Territorio-Gonone-B-1920x1334.jpg\" alt=\"\" class=\"wp-image-382\" srcset=\"https:\/\/www.sabbafrisca.com\/wp-content\/uploads\/2019\/12\/Territorio-Gonone-B-1920x1334.jpg 1920w, https:\/\/www.sabbafrisca.com\/wp-content\/uploads\/2019\/12\/Territorio-Gonone-B-1024x711.jpg 1024w, https:\/\/www.sabbafrisca.com\/wp-content\/uploads\/2019\/12\/Territorio-Gonone-B-768x533.jpg 768w, https:\/\/www.sabbafrisca.com\/wp-content\/uploads\/2019\/12\/Territorio-Gonone-B-1536x1067.jpg 1536w, https:\/\/www.sabbafrisca.com\/wp-content\/uploads\/2019\/12\/Territorio-Gonone-B-2048x1422.jpg 2048w, https:\/\/www.sabbafrisca.com\/wp-content\/uploads\/2019\/12\/Territorio-Gonone-B-200x139.jpg 200w, https:\/\/www.sabbafrisca.com\/wp-content\/uploads\/2019\/12\/Territorio-Gonone-B-299x208.jpg 299w, https:\/\/www.sabbafrisca.com\/wp-content\/uploads\/2019\/12\/Territorio-Gonone-B-399x277.jpg 399w, https:\/\/www.sabbafrisca.com\/wp-content\/uploads\/2019\/12\/Territorio-Gonone-B-479x333.jpg 479w, https:\/\/www.sabbafrisca.com\/wp-content\/uploads\/2019\/12\/Territorio-Gonone-B-639x444.jpg 639w, https:\/\/www.sabbafrisca.com\/wp-content\/uploads\/2019\/12\/Territorio-Gonone-B-799x555.jpg 799w, https:\/\/www.sabbafrisca.com\/wp-content\/uploads\/2019\/12\/Territorio-Gonone-B-898x624.jpg 898w, https:\/\/www.sabbafrisca.com\/wp-content\/uploads\/2019\/12\/Territorio-Gonone-B-998x693.jpg 998w, https:\/\/www.sabbafrisca.com\/wp-content\/uploads\/2019\/12\/Territorio-Gonone-B-1198x832.jpg 1198w, https:\/\/www.sabbafrisca.com\/wp-content\/uploads\/2019\/12\/Territorio-Gonone-B-400x278.jpg 400w, https:\/\/www.sabbafrisca.com\/wp-content\/uploads\/2019\/12\/Territorio-Gonone-B-599x416.jpg 599w, https:\/\/www.sabbafrisca.com\/wp-content\/uploads\/2019\/12\/Territorio-Gonone-B-798x554.jpg 798w, https:\/\/www.sabbafrisca.com\/wp-content\/uploads\/2019\/12\/Territorio-Gonone-B-959x666.jpg 959w, https:\/\/www.sabbafrisca.com\/wp-content\/uploads\/2019\/12\/Territorio-Gonone-B-1279x888.jpg 1279w, https:\/\/www.sabbafrisca.com\/wp-content\/uploads\/2019\/12\/Territorio-Gonone-B-1598x1110.jpg 1598w, https:\/\/www.sabbafrisca.com\/wp-content\/uploads\/2019\/12\/Territorio-Gonone-B-1797x1248.jpg 1797w, https:\/\/www.sabbafrisca.com\/wp-content\/uploads\/2019\/12\/Territorio-Gonone-B-1996x1386.jpg 1996w\" sizes=\"auto, (max-width: 1920px) 100vw, 1920px\" \/><\/figure>\n<\/div>\n<\/div>\n\n\n\n<figure class=\"wp-block-image alignfull size-large\"><img loading=\"lazy\" decoding=\"async\" width=\"1920\" height=\"724\" src=\"https:\/\/www.sabbafrisca.com\/wp-content\/uploads\/2019\/12\/Territorio-Gonone-C-1920x724.jpg\" alt=\"\" class=\"wp-image-383\" srcset=\"https:\/\/www.sabbafrisca.com\/wp-content\/uploads\/2019\/12\/Territorio-Gonone-C-1920x724.jpg 1920w, https:\/\/www.sabbafrisca.com\/wp-content\/uploads\/2019\/12\/Territorio-Gonone-C-1024x386.jpg 1024w, https:\/\/www.sabbafrisca.com\/wp-content\/uploads\/2019\/12\/Territorio-Gonone-C-768x290.jpg 768w, https:\/\/www.sabbafrisca.com\/wp-content\/uploads\/2019\/12\/Territorio-Gonone-C-1536x579.jpg 1536w, https:\/\/www.sabbafrisca.com\/wp-content\/uploads\/2019\/12\/Territorio-Gonone-C-2048x772.jpg 2048w, https:\/\/www.sabbafrisca.com\/wp-content\/uploads\/2019\/12\/Territorio-Gonone-C-320x121.jpg 320w, https:\/\/www.sabbafrisca.com\/wp-content\/uploads\/2019\/12\/Territorio-Gonone-C-480x181.jpg 480w, https:\/\/www.sabbafrisca.com\/wp-content\/uploads\/2019\/12\/Territorio-Gonone-C-640x241.jpg 640w, https:\/\/www.sabbafrisca.com\/wp-content\/uploads\/2019\/12\/Territorio-Gonone-C-1280x483.jpg 1280w, https:\/\/www.sabbafrisca.com\/wp-content\/uploads\/2019\/12\/Territorio-Gonone-C-1440x543.jpg 1440w, https:\/\/www.sabbafrisca.com\/wp-content\/uploads\/2019\/12\/Territorio-Gonone-C-1600x603.jpg 1600w, https:\/\/www.sabbafrisca.com\/wp-content\/uploads\/2019\/12\/Territorio-Gonone-C-960x362.jpg 960w\" sizes=\"auto, (max-width: 1920px) 100vw, 1920px\" \/><\/figure>\n","protected":false},"excerpt":{"rendered":"<p>Cala Gonone Cala Gonone, ein touristischer Weiler von Dorgali im Zentrum des Golfs von Orosei, liegt nur 4 km vom Park Museum S&#8217;Abba Frisca entfernt. Es ist ein Bezugspunkt f\u00fcr&#8230;<\/p>\n","protected":false},"author":1,"featured_media":1397,"parent":1394,"menu_order":0,"comment_status":"closed","ping_status":"closed","template":"page-comuni.php","meta":{"_acf_changed":false,"footnotes":""},"class_list":["post-1408","page","type-page","status-publish","has-post-thumbnail","hentry"],"acf":[],"yoast_head":"<!-- This site is optimized with the Yoast SEO plugin v25.9 - https:\/\/yoast.com\/wordpress\/plugins\/seo\/ -->\n<title>Cala Gonone - S&#039;Abba Frisca Parco Museo<\/title>\n<meta name=\"robots\" content=\"index, follow, max-snippet:-1, max-image-preview:large, max-video-preview:-1\" \/>\n<link rel=\"canonical\" href=\"https:\/\/www.sabbafrisca.com\/de\/das-gebiet\/cala-gonone\/\" \/>\n<meta property=\"og:locale\" content=\"de_DE\" \/>\n<meta property=\"og:type\" content=\"article\" \/>\n<meta property=\"og:title\" content=\"Cala Gonone - S&#039;Abba Frisca Parco Museo\" \/>\n<meta property=\"og:description\" content=\"Cala Gonone Cala Gonone, ein touristischer Weiler von Dorgali im Zentrum des Golfs von Orosei, liegt nur 4 km vom Park Museum S&#8217;Abba Frisca entfernt. Es ist ein Bezugspunkt f\u00fcr...\" \/>\n<meta property=\"og:url\" content=\"https:\/\/www.sabbafrisca.com\/de\/das-gebiet\/cala-gonone\/\" \/>\n<meta property=\"og:site_name\" content=\"S&#039;Abba Frisca Parco Museo\" \/>\n<meta property=\"article:publisher\" content=\"https:\/\/www.facebook.com\/sabbafrisca\" \/>\n<meta property=\"article:modified_time\" content=\"2020-10-01T09:44:21+00:00\" \/>\n<meta property=\"og:image\" content=\"https:\/\/www.sabbafrisca.com\/wp-content\/uploads\/2019\/12\/Territorio-scaled.jpg\" \/>\n\t<meta property=\"og:image:width\" content=\"2560\" \/>\n\t<meta property=\"og:image:height\" content=\"1121\" \/>\n\t<meta property=\"og:image:type\" content=\"image\/jpeg\" \/>\n<meta name=\"twitter:card\" content=\"summary_large_image\" \/>\n<meta name=\"twitter:site\" content=\"@sabbafrisca\" \/>\n<meta name=\"twitter:label1\" content=\"Gesch\u00e4tzte Lesezeit\" \/>\n\t<meta name=\"twitter:data1\" content=\"2\u00a0Minuten\" \/>\n<script type=\"application\/ld+json\" class=\"yoast-schema-graph\">{\"@context\":\"https:\/\/schema.org\",\"@graph\":[{\"@type\":\"WebPage\",\"@id\":\"https:\/\/www.sabbafrisca.com\/de\/das-gebiet\/cala-gonone\/\",\"url\":\"https:\/\/www.sabbafrisca.com\/de\/das-gebiet\/cala-gonone\/\",\"name\":\"Cala Gonone - S&#039;Abba Frisca Parco Museo\",\"isPartOf\":{\"@id\":\"https:\/\/www.sabbafrisca.com\/de\/#website\"},\"primaryImageOfPage\":{\"@id\":\"https:\/\/www.sabbafrisca.com\/de\/das-gebiet\/cala-gonone\/#primaryimage\"},\"image\":{\"@id\":\"https:\/\/www.sabbafrisca.com\/de\/das-gebiet\/cala-gonone\/#primaryimage\"},\"thumbnailUrl\":\"https:\/\/www.sabbafrisca.com\/wp-content\/uploads\/2019\/12\/Territorio-scaled.jpg\",\"datePublished\":\"2019-11-08T18:57:33+00:00\",\"dateModified\":\"2020-10-01T09:44:21+00:00\",\"breadcrumb\":{\"@id\":\"https:\/\/www.sabbafrisca.com\/de\/das-gebiet\/cala-gonone\/#breadcrumb\"},\"inLanguage\":\"de\",\"potentialAction\":[{\"@type\":\"ReadAction\",\"target\":[\"https:\/\/www.sabbafrisca.com\/de\/das-gebiet\/cala-gonone\/\"]}]},{\"@type\":\"ImageObject\",\"inLanguage\":\"de\",\"@id\":\"https:\/\/www.sabbafrisca.com\/de\/das-gebiet\/cala-gonone\/#primaryimage\",\"url\":\"https:\/\/www.sabbafrisca.com\/wp-content\/uploads\/2019\/12\/Territorio-scaled.jpg\",\"contentUrl\":\"https:\/\/www.sabbafrisca.com\/wp-content\/uploads\/2019\/12\/Territorio-scaled.jpg\",\"width\":2560,\"height\":1121,\"caption\":\"DCIM100MEDIA\"},{\"@type\":\"BreadcrumbList\",\"@id\":\"https:\/\/www.sabbafrisca.com\/de\/das-gebiet\/cala-gonone\/#breadcrumb\",\"itemListElement\":[{\"@type\":\"ListItem\",\"position\":1,\"name\":\"Home\",\"item\":\"https:\/\/www.sabbafrisca.com\/de\/\"},{\"@type\":\"ListItem\",\"position\":2,\"name\":\"Das Gebiet\",\"item\":\"https:\/\/www.sabbafrisca.com\/de\/das-gebiet\/\"},{\"@type\":\"ListItem\",\"position\":3,\"name\":\"Cala Gonone\"}]},{\"@type\":\"WebSite\",\"@id\":\"https:\/\/www.sabbafrisca.com\/de\/#website\",\"url\":\"https:\/\/www.sabbafrisca.com\/de\/\",\"name\":\"S&#039;Abba Frisca Parco Museo\",\"description\":\"A Dorgali, il Parco Museo della Sardegna\",\"publisher\":{\"@id\":\"https:\/\/www.sabbafrisca.com\/de\/#organization\"},\"potentialAction\":[{\"@type\":\"SearchAction\",\"target\":{\"@type\":\"EntryPoint\",\"urlTemplate\":\"https:\/\/www.sabbafrisca.com\/de\/?s={search_term_string}\"},\"query-input\":{\"@type\":\"PropertyValueSpecification\",\"valueRequired\":true,\"valueName\":\"search_term_string\"}}],\"inLanguage\":\"de\"},{\"@type\":\"Organization\",\"@id\":\"https:\/\/www.sabbafrisca.com\/de\/#organization\",\"name\":\"Parco Museo S'Abba Frisca\",\"url\":\"https:\/\/www.sabbafrisca.com\/de\/\",\"logo\":{\"@type\":\"ImageObject\",\"inLanguage\":\"de\",\"@id\":\"https:\/\/www.sabbafrisca.com\/de\/#\/schema\/logo\/image\/\",\"url\":\"https:\/\/www.sabbafrisca.com\/wp-content\/uploads\/2022\/01\/Marchio-a-colori.png\",\"contentUrl\":\"https:\/\/www.sabbafrisca.com\/wp-content\/uploads\/2022\/01\/Marchio-a-colori.png\",\"width\":1500,\"height\":1572,\"caption\":\"Parco Museo S'Abba Frisca\"},\"image\":{\"@id\":\"https:\/\/www.sabbafrisca.com\/de\/#\/schema\/logo\/image\/\"},\"sameAs\":[\"https:\/\/www.facebook.com\/sabbafrisca\",\"https:\/\/x.com\/sabbafrisca\",\"https:\/\/www.instagram.com\/sabbafrisca\/\",\"https:\/\/twitter.com\/sabbafrisca\"]}]}<\/script>\n<!-- \/ Yoast SEO plugin. -->","yoast_head_json":{"title":"Cala Gonone - S&#039;Abba Frisca Parco Museo","robots":{"index":"index","follow":"follow","max-snippet":"max-snippet:-1","max-image-preview":"max-image-preview:large","max-video-preview":"max-video-preview:-1"},"canonical":"https:\/\/www.sabbafrisca.com\/de\/das-gebiet\/cala-gonone\/","og_locale":"de_DE","og_type":"article","og_title":"Cala Gonone - S&#039;Abba Frisca Parco Museo","og_description":"Cala Gonone Cala Gonone, ein touristischer Weiler von Dorgali im Zentrum des Golfs von Orosei, liegt nur 4 km vom Park Museum S&#8217;Abba Frisca entfernt. Es ist ein Bezugspunkt f\u00fcr...","og_url":"https:\/\/www.sabbafrisca.com\/de\/das-gebiet\/cala-gonone\/","og_site_name":"S&#039;Abba Frisca Parco Museo","article_publisher":"https:\/\/www.facebook.com\/sabbafrisca","article_modified_time":"2020-10-01T09:44:21+00:00","og_image":[{"width":2560,"height":1121,"url":"https:\/\/www.sabbafrisca.com\/wp-content\/uploads\/2019\/12\/Territorio-scaled.jpg","type":"image\/jpeg"}],"twitter_card":"summary_large_image","twitter_site":"@sabbafrisca","twitter_misc":{"Gesch\u00e4tzte Lesezeit":"2\u00a0Minuten"},"schema":{"@context":"https:\/\/schema.org","@graph":[{"@type":"WebPage","@id":"https:\/\/www.sabbafrisca.com\/de\/das-gebiet\/cala-gonone\/","url":"https:\/\/www.sabbafrisca.com\/de\/das-gebiet\/cala-gonone\/","name":"Cala Gonone - S&#039;Abba Frisca Parco Museo","isPartOf":{"@id":"https:\/\/www.sabbafrisca.com\/de\/#website"},"primaryImageOfPage":{"@id":"https:\/\/www.sabbafrisca.com\/de\/das-gebiet\/cala-gonone\/#primaryimage"},"image":{"@id":"https:\/\/www.sabbafrisca.com\/de\/das-gebiet\/cala-gonone\/#primaryimage"},"thumbnailUrl":"https:\/\/www.sabbafrisca.com\/wp-content\/uploads\/2019\/12\/Territorio-scaled.jpg","datePublished":"2019-11-08T18:57:33+00:00","dateModified":"2020-10-01T09:44:21+00:00","breadcrumb":{"@id":"https:\/\/www.sabbafrisca.com\/de\/das-gebiet\/cala-gonone\/#breadcrumb"},"inLanguage":"de","potentialAction":[{"@type":"ReadAction","target":["https:\/\/www.sabbafrisca.com\/de\/das-gebiet\/cala-gonone\/"]}]},{"@type":"ImageObject","inLanguage":"de","@id":"https:\/\/www.sabbafrisca.com\/de\/das-gebiet\/cala-gonone\/#primaryimage","url":"https:\/\/www.sabbafrisca.com\/wp-content\/uploads\/2019\/12\/Territorio-scaled.jpg","contentUrl":"https:\/\/www.sabbafrisca.com\/wp-content\/uploads\/2019\/12\/Territorio-scaled.jpg","width":2560,"height":1121,"caption":"DCIM100MEDIA"},{"@type":"BreadcrumbList","@id":"https:\/\/www.sabbafrisca.com\/de\/das-gebiet\/cala-gonone\/#breadcrumb","itemListElement":[{"@type":"ListItem","position":1,"name":"Home","item":"https:\/\/www.sabbafrisca.com\/de\/"},{"@type":"ListItem","position":2,"name":"Das Gebiet","item":"https:\/\/www.sabbafrisca.com\/de\/das-gebiet\/"},{"@type":"ListItem","position":3,"name":"Cala Gonone"}]},{"@type":"WebSite","@id":"https:\/\/www.sabbafrisca.com\/de\/#website","url":"https:\/\/www.sabbafrisca.com\/de\/","name":"S&#039;Abba Frisca Parco Museo","description":"A Dorgali, il Parco Museo della Sardegna","publisher":{"@id":"https:\/\/www.sabbafrisca.com\/de\/#organization"},"potentialAction":[{"@type":"SearchAction","target":{"@type":"EntryPoint","urlTemplate":"https:\/\/www.sabbafrisca.com\/de\/?s={search_term_string}"},"query-input":{"@type":"PropertyValueSpecification","valueRequired":true,"valueName":"search_term_string"}}],"inLanguage":"de"},{"@type":"Organization","@id":"https:\/\/www.sabbafrisca.com\/de\/#organization","name":"Parco Museo S'Abba Frisca","url":"https:\/\/www.sabbafrisca.com\/de\/","logo":{"@type":"ImageObject","inLanguage":"de","@id":"https:\/\/www.sabbafrisca.com\/de\/#\/schema\/logo\/image\/","url":"https:\/\/www.sabbafrisca.com\/wp-content\/uploads\/2022\/01\/Marchio-a-colori.png","contentUrl":"https:\/\/www.sabbafrisca.com\/wp-content\/uploads\/2022\/01\/Marchio-a-colori.png","width":1500,"height":1572,"caption":"Parco Museo S'Abba Frisca"},"image":{"@id":"https:\/\/www.sabbafrisca.com\/de\/#\/schema\/logo\/image\/"},"sameAs":["https:\/\/www.facebook.com\/sabbafrisca","https:\/\/x.com\/sabbafrisca","https:\/\/www.instagram.com\/sabbafrisca\/","https:\/\/twitter.com\/sabbafrisca"]}]}},"_links":{"self":[{"href":"https:\/\/www.sabbafrisca.com\/de\/wp-json\/wp\/v2\/pages\/1408","targetHints":{"allow":["GET"]}}],"collection":[{"href":"https:\/\/www.sabbafrisca.com\/de\/wp-json\/wp\/v2\/pages"}],"about":[{"href":"https:\/\/www.sabbafrisca.com\/de\/wp-json\/wp\/v2\/types\/page"}],"author":[{"embeddable":true,"href":"https:\/\/www.sabbafrisca.com\/de\/wp-json\/wp\/v2\/users\/1"}],"replies":[{"embeddable":true,"href":"https:\/\/www.sabbafrisca.com\/de\/wp-json\/wp\/v2\/comments?post=1408"}],"version-history":[{"count":1,"href":"https:\/\/www.sabbafrisca.com\/de\/wp-json\/wp\/v2\/pages\/1408\/revisions"}],"predecessor-version":[{"id":1410,"href":"https:\/\/www.sabbafrisca.com\/de\/wp-json\/wp\/v2\/pages\/1408\/revisions\/1410"}],"up":[{"embeddable":true,"href":"https:\/\/www.sabbafrisca.com\/de\/wp-json\/wp\/v2\/pages\/1394"}],"wp:featuredmedia":[{"embeddable":true,"href":"https:\/\/www.sabbafrisca.com\/de\/wp-json\/wp\/v2\/media\/1397"}],"wp:attachment":[{"href":"https:\/\/www.sabbafrisca.com\/de\/wp-json\/wp\/v2\/media?parent=1408"}],"curies":[{"name":"wp","href":"https:\/\/api.w.org\/{rel}","templated":true}]}}