{"id":4002,"date":"2025-10-06T12:39:24","date_gmt":"2025-10-06T10:39:24","guid":{"rendered":"https:\/\/www.sabbafrisca.com\/accessibilita\/"},"modified":"2025-12-27T11:53:29","modified_gmt":"2025-12-27T10:53:29","slug":"accessibilita","status":"publish","type":"page","link":"https:\/\/www.sabbafrisca.com\/de\/accessibilita\/","title":{"rendered":"Barrierefreiheit im Museumspark S\u2018Abba Frisca"},"content":{"rendered":"\n<div class=\"wp-block-group boxed-1024\"><div class=\"wp-block-group__inner-container is-layout-constrained wp-block-group-is-layout-constrained\">\n<div style=\"height:2em\" aria-hidden=\"true\" class=\"wp-block-spacer\"><\/div>\n\n\n\n<p>Der Museumspark S&#8217;Abba Frisca ist ein historisch gewachsenes Gel\u00e4nde. Dennoch ist es unser Ziel, die Barrierefreiheit f\u00fcr alle Besucher jedes Jahr zu verbessern. Unser Park liegt in einem gut durchl\u00fcftetem, k\u00fchlen Tal, so dass die Besichtigung auch an hei\u00dfen Tagen angenehm ist. Wir arbeiten best\u00e4ndig daran, architektonische Barrieren abzubauen und unseren Park noch inklusiver zu machen und gleichzeitig die Geschichte und die Besonderheiten des Ortes zu bewahren.<\/p>\n\n\n\n<div style=\"height:2em\" aria-hidden=\"true\" class=\"wp-block-spacer\"><\/div>\n\n\n\n<figure class=\"wp-block-image size-full is-resized access-icon\"><img loading=\"lazy\" decoding=\"async\" width=\"64\" height=\"64\" src=\"https:\/\/www.sabbafrisca.com\/wp-content\/uploads\/2025\/10\/wheelchair.png\" alt=\"\" class=\"wp-image-3861\" style=\"width:40px\"\/><\/figure>\n\n\n\n<div style=\"height:1em\" aria-hidden=\"true\" class=\"wp-block-spacer\"><\/div>\n\n\n\n<h2 class=\"wp-block-heading\">Zugang f\u00fcr Menschen mit Bewegungseinschr\u00e4nkungen<\/h2>\n\n\n\n<p>Wir sind uns bewusst, dass die Natur unserer historischen Anlage einige Probleme f\u00fcr behinderte Menschen birgt. Der Rundgang selbst ist zwar durchg\u00e4ngig barrierefrei, einige Passagen k\u00f6nnen aber aufgrund von Steigungen oder Wegsch\u00e4den schwer passierbar sein. Wir arbeiten Jahr f\u00fcr Jahr daran, den Rundgang in dieser Hinsicht zu verbessern und diese Hindernisse auf ein Minimum zu reduzieren und allen eine problemlose Besichtigung zu garantieren. Aktuell k\u00f6nnen Rollstuhlfahrende vollst\u00e4ndig barrierefrei die gr\u00f6\u00dften S\u00e4le des Museums aufsuchen, die im Rahmen einer gef\u00fchrten Besichtigung gezeigt werden. Auch der Rundgang mit den Tiergehegen sowie die Beete mit den Heilpflanzen und der Gem\u00fcsegarten sind barrierefrei.<\/p>\n\n\n\n<div style=\"height:2em\" aria-hidden=\"true\" class=\"wp-block-spacer\"><\/div>\n\n\n\n<figure class=\"wp-block-image size-full is-resized access-icon\"><img loading=\"lazy\" decoding=\"async\" width=\"64\" height=\"64\" src=\"https:\/\/www.sabbafrisca.com\/wp-content\/uploads\/2025\/10\/family.png\" alt=\"\" class=\"wp-image-3867\" style=\"width:40px\"\/><\/figure>\n\n\n\n<div style=\"height:1em\" aria-hidden=\"true\" class=\"wp-block-spacer\"><\/div>\n\n\n\n<h2 class=\"wp-block-heading\">Familienfreundlich<\/h2>\n\n\n\n<p>Der Museumspark S&#8217;Abba Frisca ist ideal f\u00fcr Familien. Der Besucherrundgang ist leicht und intuitiv verst\u00e4ndlich, eignet sich f\u00fcr Kinderwagen und Kinder aller Altersstufen. Er bietet ein entspanntes und kurzweiliges Erlebnis in Kontakt mit Natur und Geschichte. Alle Fl\u00e4chen sind kindgerecht gehalten und werden jedes Jahr von tausenden von Schulkindern aufgesucht.<\/p>\n\n\n\n<div style=\"height:2em\" aria-hidden=\"true\" class=\"wp-block-spacer\"><\/div>\n\n\n\n<figure class=\"wp-block-image size-full is-resized access-icon\"><img loading=\"lazy\" decoding=\"async\" width=\"64\" height=\"64\" src=\"https:\/\/www.sabbafrisca.com\/wp-content\/uploads\/2025\/10\/braille-hand.png\" alt=\"\" class=\"wp-image-3873\" style=\"width:40px\"\/><\/figure>\n\n\n\n<div style=\"height:1em\" aria-hidden=\"true\" class=\"wp-block-spacer\"><\/div>\n\n\n\n<h2 class=\"wp-block-heading\">Sehbehinderte und blinde Besucher\/innen<\/h2>\n\n\n\n<p>Die Tour ist \u00fcberwiegend gef\u00fchrt, die meisten Informationen werden direkt m\u00fcndlich vom Guide in sardischer, italienischer, englischer oder franz\u00f6sischer Sprache erbracht. Im Areal des Bauernhofs wurde ein Sinnesweg mit Heilkr\u00e4utern eingerichtet. Dort k\u00f6nnen die Besucher verschiedene Pflanzenarten durch Haptik und Geruch erkunden, die sie auf Informationstafeln mit Braille-Schrift auch identifizieren k\u00f6nnen.<\/p>\n\n\n\n<div style=\"height:2em\" aria-hidden=\"true\" class=\"wp-block-spacer\"><\/div>\n\n\n\n<figure class=\"wp-block-image size-full is-resized access-icon\"><img loading=\"lazy\" decoding=\"async\" width=\"64\" height=\"64\" src=\"https:\/\/www.sabbafrisca.com\/wp-content\/uploads\/2025\/10\/ear-sound.png\" alt=\"\" class=\"wp-image-3879\" style=\"width:40px\"\/><\/figure>\n\n\n\n<div style=\"height:1em\" aria-hidden=\"true\" class=\"wp-block-spacer\"><\/div>\n\n\n\n<h2 class=\"wp-block-heading\">F\u00fcr schwerh\u00f6rige Besucher\/innen<\/h2>\n\n\n\n<p>Auf Anfrage ist ein Text mit Beschreibungen aller w\u00e4hrend der F\u00fchrung behandelten Orte erh\u00e4ltlich. Innerhalb des Bauernhofs gibt es zahlreiche Informationstafeln auf Italienisch, Englisch, Franz\u00f6sisch und Deutsch. Unsere Guides und das Personal stehen immer f\u00fcr weitere Kl\u00e4rungen und Hilfe hinsichtlich schriftlicher Kommunikation oder anderen Unterst\u00fctzungsarten zur Verf\u00fcgung.<\/p>\n\n\n\n<div style=\"height:2em\" aria-hidden=\"true\" class=\"wp-block-spacer\"><\/div>\n\n\n\n<figure class=\"wp-block-image size-full is-resized access-icon\"><img loading=\"lazy\" decoding=\"async\" width=\"64\" height=\"64\" src=\"https:\/\/www.sabbafrisca.com\/wp-content\/uploads\/2025\/10\/paw.png\" alt=\"\" class=\"wp-image-3885\" style=\"width:40px\"\/><\/figure>\n\n\n\n<div style=\"height:1em\" aria-hidden=\"true\" class=\"wp-block-spacer\"><\/div>\n\n\n\n<h2 class=\"wp-block-heading\">Haustiere<\/h2>\n\n\n\n<p>Hunde sind angeleint im Museumspark S&#8217;Abba Frisca willkommen. Bitte lassen Sie Ihr Tier im Inneren des Parks nicht aus den Augen und sorgen daf\u00fcr, dass andere Tiere und Besucher nicht gest\u00f6rt werden und die Bereiche und Rundwege sauber bleiben. In geschlossenen R\u00e4umen sind nur kleine Hunde im Arm erlaubt, gr\u00f6\u00dfere m\u00fcssen drau\u00dfen warten.<\/p>\n<\/div><\/div>\n\n\n\n<div class=\"wp-block-columns is-layout-flex wp-container-core-columns-is-layout-9d6595d7 wp-block-columns-is-layout-flex\">\n<div class=\"wp-block-column has-small-font-size is-layout-flow wp-block-column-is-layout-flow\" style=\"flex-basis:66%\">\n<p>Sezione cofinanziata con:<br>INCENTIVO Decreto Direttoriale n. 385 del 19\/10\/2022<br>PROT. PROGETTO TOCC0002372<br>PNRR \u2013 Next Generation EU<br>COR 15910959<br>CUP C77J23000830008<\/p>\n<\/div>\n\n\n\n<div class=\"wp-block-column is-layout-flow wp-block-column-is-layout-flow\" style=\"flex-basis:33.33%\">\n<figure class=\"wp-block-image size-large is-resized\"><img loading=\"lazy\" decoding=\"async\" width=\"1920\" height=\"460\" src=\"https:\/\/www.sabbafrisca.com\/wp-content\/uploads\/2025\/12\/EN_Funded_by_the_European_Union_RGB_POS-1920x460.png\" alt=\"\" class=\"wp-image-3943\" style=\"width:134px;height:auto\" srcset=\"https:\/\/www.sabbafrisca.com\/wp-content\/uploads\/2025\/12\/EN_Funded_by_the_European_Union_RGB_POS-1920x460.png 1920w, https:\/\/www.sabbafrisca.com\/wp-content\/uploads\/2025\/12\/EN_Funded_by_the_European_Union_RGB_POS-1024x246.png 1024w, https:\/\/www.sabbafrisca.com\/wp-content\/uploads\/2025\/12\/EN_Funded_by_the_European_Union_RGB_POS-768x184.png 768w, https:\/\/www.sabbafrisca.com\/wp-content\/uploads\/2025\/12\/EN_Funded_by_the_European_Union_RGB_POS-1536x368.png 1536w, https:\/\/www.sabbafrisca.com\/wp-content\/uploads\/2025\/12\/EN_Funded_by_the_European_Union_RGB_POS-2048x491.png 2048w, https:\/\/www.sabbafrisca.com\/wp-content\/uploads\/2025\/12\/EN_Funded_by_the_European_Union_RGB_POS-320x77.png 320w, https:\/\/www.sabbafrisca.com\/wp-content\/uploads\/2025\/12\/EN_Funded_by_the_European_Union_RGB_POS-480x115.png 480w, https:\/\/www.sabbafrisca.com\/wp-content\/uploads\/2025\/12\/EN_Funded_by_the_European_Union_RGB_POS-640x153.png 640w, https:\/\/www.sabbafrisca.com\/wp-content\/uploads\/2025\/12\/EN_Funded_by_the_European_Union_RGB_POS-1280x307.png 1280w, https:\/\/www.sabbafrisca.com\/wp-content\/uploads\/2025\/12\/EN_Funded_by_the_European_Union_RGB_POS-1440x345.png 1440w, https:\/\/www.sabbafrisca.com\/wp-content\/uploads\/2025\/12\/EN_Funded_by_the_European_Union_RGB_POS-1600x384.png 1600w, https:\/\/www.sabbafrisca.com\/wp-content\/uploads\/2025\/12\/EN_Funded_by_the_European_Union_RGB_POS-960x230.png 960w\" sizes=\"auto, (max-width: 1920px) 100vw, 1920px\" \/><\/figure>\n\n\n\n<figure class=\"wp-block-image size-full is-resized\"><img loading=\"lazy\" decoding=\"async\" width=\"1536\" height=\"1024\" src=\"https:\/\/www.sabbafrisca.com\/wp-content\/uploads\/2025\/12\/TOCC-Transizione-digitale-15x10-1-1536x1024-1.jpg\" alt=\"\" class=\"wp-image-3949\" style=\"width:80px;height:auto\" srcset=\"https:\/\/www.sabbafrisca.com\/wp-content\/uploads\/2025\/12\/TOCC-Transizione-digitale-15x10-1-1536x1024-1.jpg 1536w, https:\/\/www.sabbafrisca.com\/wp-content\/uploads\/2025\/12\/TOCC-Transizione-digitale-15x10-1-1536x1024-1-1024x683.jpg 1024w, https:\/\/www.sabbafrisca.com\/wp-content\/uploads\/2025\/12\/TOCC-Transizione-digitale-15x10-1-1536x1024-1-768x512.jpg 768w, https:\/\/www.sabbafrisca.com\/wp-content\/uploads\/2025\/12\/TOCC-Transizione-digitale-15x10-1-1536x1024-1-209x139.jpg 209w, https:\/\/www.sabbafrisca.com\/wp-content\/uploads\/2025\/12\/TOCC-Transizione-digitale-15x10-1-1536x1024-1-312x208.jpg 312w, https:\/\/www.sabbafrisca.com\/wp-content\/uploads\/2025\/12\/TOCC-Transizione-digitale-15x10-1-1536x1024-1-416x277.jpg 416w, https:\/\/www.sabbafrisca.com\/wp-content\/uploads\/2025\/12\/TOCC-Transizione-digitale-15x10-1-1536x1024-1-500x333.jpg 500w, https:\/\/www.sabbafrisca.com\/wp-content\/uploads\/2025\/12\/TOCC-Transizione-digitale-15x10-1-1536x1024-1-666x444.jpg 666w, https:\/\/www.sabbafrisca.com\/wp-content\/uploads\/2025\/12\/TOCC-Transizione-digitale-15x10-1-1536x1024-1-833x555.jpg 833w, https:\/\/www.sabbafrisca.com\/wp-content\/uploads\/2025\/12\/TOCC-Transizione-digitale-15x10-1-1536x1024-1-936x624.jpg 936w, https:\/\/www.sabbafrisca.com\/wp-content\/uploads\/2025\/12\/TOCC-Transizione-digitale-15x10-1-1536x1024-1-1040x693.jpg 1040w, https:\/\/www.sabbafrisca.com\/wp-content\/uploads\/2025\/12\/TOCC-Transizione-digitale-15x10-1-1536x1024-1-1248x832.jpg 1248w, https:\/\/www.sabbafrisca.com\/wp-content\/uploads\/2025\/12\/TOCC-Transizione-digitale-15x10-1-1536x1024-1-417x278.jpg 417w, https:\/\/www.sabbafrisca.com\/wp-content\/uploads\/2025\/12\/TOCC-Transizione-digitale-15x10-1-1536x1024-1-624x416.jpg 624w, https:\/\/www.sabbafrisca.com\/wp-content\/uploads\/2025\/12\/TOCC-Transizione-digitale-15x10-1-1536x1024-1-831x554.jpg 831w, https:\/\/www.sabbafrisca.com\/wp-content\/uploads\/2025\/12\/TOCC-Transizione-digitale-15x10-1-1536x1024-1-999x666.jpg 999w, https:\/\/www.sabbafrisca.com\/wp-content\/uploads\/2025\/12\/TOCC-Transizione-digitale-15x10-1-1536x1024-1-1332x888.jpg 1332w\" sizes=\"auto, (max-width: 1536px) 100vw, 1536px\" \/><\/figure>\n\n\n\n<figure class=\"wp-block-image size-full is-resized\"><img loading=\"lazy\" decoding=\"async\" width=\"450\" height=\"112\" src=\"https:\/\/www.sabbafrisca.com\/wp-content\/uploads\/2025\/12\/images.jpeg\" alt=\"\" class=\"wp-image-3955\" style=\"width:137px;height:auto\" srcset=\"https:\/\/www.sabbafrisca.com\/wp-content\/uploads\/2025\/12\/images.jpeg 450w, https:\/\/www.sabbafrisca.com\/wp-content\/uploads\/2025\/12\/images-320x80.jpeg 320w\" sizes=\"auto, (max-width: 450px) 100vw, 450px\" \/><\/figure>\n<\/div>\n<\/div>\n","protected":false},"excerpt":{"rendered":"<p>Der Museumspark S&#8217;Abba Frisca ist ein historisch gewachsenes Gel\u00e4nde. Dennoch ist es unser Ziel, die Barrierefreiheit f\u00fcr alle Besucher jedes Jahr zu verbessern. Unser Park liegt in einem gut durchl\u00fcftetem,&#8230;<\/p>\n","protected":false},"author":1,"featured_media":2272,"parent":0,"menu_order":0,"comment_status":"closed","ping_status":"closed","template":"page.php","meta":{"_acf_changed":false,"footnotes":""},"class_list":["post-4002","page","type-page","status-publish","has-post-thumbnail","hentry"],"acf":[],"yoast_head":"<!-- This site is optimized with the Yoast SEO plugin v25.9 - https:\/\/yoast.com\/wordpress\/plugins\/seo\/ -->\n<title>Barrierefreiheit im Museumspark S\u2018Abba Frisca - S&#039;Abba Frisca Parco Museo<\/title>\n<meta name=\"robots\" content=\"index, follow, max-snippet:-1, max-image-preview:large, max-video-preview:-1\" \/>\n<link rel=\"canonical\" href=\"https:\/\/www.sabbafrisca.com\/de\/accessibilita\/\" \/>\n<meta property=\"og:locale\" content=\"de_DE\" \/>\n<meta property=\"og:type\" content=\"article\" \/>\n<meta property=\"og:title\" content=\"Barrierefreiheit im Museumspark S\u2018Abba Frisca - S&#039;Abba Frisca Parco Museo\" \/>\n<meta property=\"og:description\" content=\"Der Museumspark S&#8217;Abba Frisca ist ein historisch gewachsenes Gel\u00e4nde. Dennoch ist es unser Ziel, die Barrierefreiheit f\u00fcr alle Besucher jedes Jahr zu verbessern. Unser Park liegt in einem gut durchl\u00fcftetem,...\" \/>\n<meta property=\"og:url\" content=\"https:\/\/www.sabbafrisca.com\/de\/accessibilita\/\" \/>\n<meta property=\"og:site_name\" content=\"S&#039;Abba Frisca Parco Museo\" \/>\n<meta property=\"article:publisher\" content=\"https:\/\/www.facebook.com\/sabbafrisca\" \/>\n<meta property=\"article:modified_time\" content=\"2025-12-27T10:53:29+00:00\" \/>\n<meta property=\"og:image\" content=\"https:\/\/www.sabbafrisca.com\/wp-content\/uploads\/2022\/10\/MG_7167.jpg\" \/>\n\t<meta property=\"og:image:width\" content=\"1000\" \/>\n\t<meta property=\"og:image:height\" content=\"1500\" \/>\n\t<meta property=\"og:image:type\" content=\"image\/jpeg\" \/>\n<meta name=\"twitter:card\" content=\"summary_large_image\" \/>\n<meta name=\"twitter:site\" content=\"@sabbafrisca\" \/>\n<meta name=\"twitter:label1\" content=\"Gesch\u00e4tzte Lesezeit\" \/>\n\t<meta name=\"twitter:data1\" content=\"4\u00a0Minuten\" \/>\n<script type=\"application\/ld+json\" class=\"yoast-schema-graph\">{\"@context\":\"https:\/\/schema.org\",\"@graph\":[{\"@type\":\"WebPage\",\"@id\":\"https:\/\/www.sabbafrisca.com\/de\/accessibilita\/\",\"url\":\"https:\/\/www.sabbafrisca.com\/de\/accessibilita\/\",\"name\":\"Barrierefreiheit im Museumspark S\u2018Abba Frisca - S&#039;Abba Frisca Parco Museo\",\"isPartOf\":{\"@id\":\"https:\/\/www.sabbafrisca.com\/de\/#website\"},\"primaryImageOfPage\":{\"@id\":\"https:\/\/www.sabbafrisca.com\/de\/accessibilita\/#primaryimage\"},\"image\":{\"@id\":\"https:\/\/www.sabbafrisca.com\/de\/accessibilita\/#primaryimage\"},\"thumbnailUrl\":\"https:\/\/www.sabbafrisca.com\/wp-content\/uploads\/2022\/10\/MG_7167.jpg\",\"datePublished\":\"2025-10-06T10:39:24+00:00\",\"dateModified\":\"2025-12-27T10:53:29+00:00\",\"breadcrumb\":{\"@id\":\"https:\/\/www.sabbafrisca.com\/de\/accessibilita\/#breadcrumb\"},\"inLanguage\":\"de\",\"potentialAction\":[{\"@type\":\"ReadAction\",\"target\":[\"https:\/\/www.sabbafrisca.com\/de\/accessibilita\/\"]}]},{\"@type\":\"ImageObject\",\"inLanguage\":\"de\",\"@id\":\"https:\/\/www.sabbafrisca.com\/de\/accessibilita\/#primaryimage\",\"url\":\"https:\/\/www.sabbafrisca.com\/wp-content\/uploads\/2022\/10\/MG_7167.jpg\",\"contentUrl\":\"https:\/\/www.sabbafrisca.com\/wp-content\/uploads\/2022\/10\/MG_7167.jpg\",\"width\":1000,\"height\":1500},{\"@type\":\"BreadcrumbList\",\"@id\":\"https:\/\/www.sabbafrisca.com\/de\/accessibilita\/#breadcrumb\",\"itemListElement\":[{\"@type\":\"ListItem\",\"position\":1,\"name\":\"Home\",\"item\":\"https:\/\/www.sabbafrisca.com\/de\/\"},{\"@type\":\"ListItem\",\"position\":2,\"name\":\"Barrierefreiheit im Museumspark S\u2018Abba Frisca\"}]},{\"@type\":\"WebSite\",\"@id\":\"https:\/\/www.sabbafrisca.com\/de\/#website\",\"url\":\"https:\/\/www.sabbafrisca.com\/de\/\",\"name\":\"S&#039;Abba Frisca Parco Museo\",\"description\":\"A Dorgali, il Parco Museo della Sardegna\",\"publisher\":{\"@id\":\"https:\/\/www.sabbafrisca.com\/de\/#organization\"},\"potentialAction\":[{\"@type\":\"SearchAction\",\"target\":{\"@type\":\"EntryPoint\",\"urlTemplate\":\"https:\/\/www.sabbafrisca.com\/de\/?s={search_term_string}\"},\"query-input\":{\"@type\":\"PropertyValueSpecification\",\"valueRequired\":true,\"valueName\":\"search_term_string\"}}],\"inLanguage\":\"de\"},{\"@type\":\"Organization\",\"@id\":\"https:\/\/www.sabbafrisca.com\/de\/#organization\",\"name\":\"Parco Museo S'Abba Frisca\",\"url\":\"https:\/\/www.sabbafrisca.com\/de\/\",\"logo\":{\"@type\":\"ImageObject\",\"inLanguage\":\"de\",\"@id\":\"https:\/\/www.sabbafrisca.com\/de\/#\/schema\/logo\/image\/\",\"url\":\"https:\/\/www.sabbafrisca.com\/wp-content\/uploads\/2022\/01\/Marchio-a-colori.png\",\"contentUrl\":\"https:\/\/www.sabbafrisca.com\/wp-content\/uploads\/2022\/01\/Marchio-a-colori.png\",\"width\":1500,\"height\":1572,\"caption\":\"Parco Museo S'Abba Frisca\"},\"image\":{\"@id\":\"https:\/\/www.sabbafrisca.com\/de\/#\/schema\/logo\/image\/\"},\"sameAs\":[\"https:\/\/www.facebook.com\/sabbafrisca\",\"https:\/\/x.com\/sabbafrisca\",\"https:\/\/www.instagram.com\/sabbafrisca\/\",\"https:\/\/twitter.com\/sabbafrisca\"]}]}<\/script>\n<!-- \/ Yoast SEO plugin. -->","yoast_head_json":{"title":"Barrierefreiheit im Museumspark S\u2018Abba Frisca - S&#039;Abba Frisca Parco Museo","robots":{"index":"index","follow":"follow","max-snippet":"max-snippet:-1","max-image-preview":"max-image-preview:large","max-video-preview":"max-video-preview:-1"},"canonical":"https:\/\/www.sabbafrisca.com\/de\/accessibilita\/","og_locale":"de_DE","og_type":"article","og_title":"Barrierefreiheit im Museumspark S\u2018Abba Frisca - S&#039;Abba Frisca Parco Museo","og_description":"Der Museumspark S&#8217;Abba Frisca ist ein historisch gewachsenes Gel\u00e4nde. Dennoch ist es unser Ziel, die Barrierefreiheit f\u00fcr alle Besucher jedes Jahr zu verbessern. Unser Park liegt in einem gut durchl\u00fcftetem,...","og_url":"https:\/\/www.sabbafrisca.com\/de\/accessibilita\/","og_site_name":"S&#039;Abba Frisca Parco Museo","article_publisher":"https:\/\/www.facebook.com\/sabbafrisca","article_modified_time":"2025-12-27T10:53:29+00:00","og_image":[{"width":1000,"height":1500,"url":"https:\/\/www.sabbafrisca.com\/wp-content\/uploads\/2022\/10\/MG_7167.jpg","type":"image\/jpeg"}],"twitter_card":"summary_large_image","twitter_site":"@sabbafrisca","twitter_misc":{"Gesch\u00e4tzte Lesezeit":"4\u00a0Minuten"},"schema":{"@context":"https:\/\/schema.org","@graph":[{"@type":"WebPage","@id":"https:\/\/www.sabbafrisca.com\/de\/accessibilita\/","url":"https:\/\/www.sabbafrisca.com\/de\/accessibilita\/","name":"Barrierefreiheit im Museumspark S\u2018Abba Frisca - S&#039;Abba Frisca Parco Museo","isPartOf":{"@id":"https:\/\/www.sabbafrisca.com\/de\/#website"},"primaryImageOfPage":{"@id":"https:\/\/www.sabbafrisca.com\/de\/accessibilita\/#primaryimage"},"image":{"@id":"https:\/\/www.sabbafrisca.com\/de\/accessibilita\/#primaryimage"},"thumbnailUrl":"https:\/\/www.sabbafrisca.com\/wp-content\/uploads\/2022\/10\/MG_7167.jpg","datePublished":"2025-10-06T10:39:24+00:00","dateModified":"2025-12-27T10:53:29+00:00","breadcrumb":{"@id":"https:\/\/www.sabbafrisca.com\/de\/accessibilita\/#breadcrumb"},"inLanguage":"de","potentialAction":[{"@type":"ReadAction","target":["https:\/\/www.sabbafrisca.com\/de\/accessibilita\/"]}]},{"@type":"ImageObject","inLanguage":"de","@id":"https:\/\/www.sabbafrisca.com\/de\/accessibilita\/#primaryimage","url":"https:\/\/www.sabbafrisca.com\/wp-content\/uploads\/2022\/10\/MG_7167.jpg","contentUrl":"https:\/\/www.sabbafrisca.com\/wp-content\/uploads\/2022\/10\/MG_7167.jpg","width":1000,"height":1500},{"@type":"BreadcrumbList","@id":"https:\/\/www.sabbafrisca.com\/de\/accessibilita\/#breadcrumb","itemListElement":[{"@type":"ListItem","position":1,"name":"Home","item":"https:\/\/www.sabbafrisca.com\/de\/"},{"@type":"ListItem","position":2,"name":"Barrierefreiheit im Museumspark S\u2018Abba Frisca"}]},{"@type":"WebSite","@id":"https:\/\/www.sabbafrisca.com\/de\/#website","url":"https:\/\/www.sabbafrisca.com\/de\/","name":"S&#039;Abba Frisca Parco Museo","description":"A Dorgali, il Parco Museo della Sardegna","publisher":{"@id":"https:\/\/www.sabbafrisca.com\/de\/#organization"},"potentialAction":[{"@type":"SearchAction","target":{"@type":"EntryPoint","urlTemplate":"https:\/\/www.sabbafrisca.com\/de\/?s={search_term_string}"},"query-input":{"@type":"PropertyValueSpecification","valueRequired":true,"valueName":"search_term_string"}}],"inLanguage":"de"},{"@type":"Organization","@id":"https:\/\/www.sabbafrisca.com\/de\/#organization","name":"Parco Museo S'Abba Frisca","url":"https:\/\/www.sabbafrisca.com\/de\/","logo":{"@type":"ImageObject","inLanguage":"de","@id":"https:\/\/www.sabbafrisca.com\/de\/#\/schema\/logo\/image\/","url":"https:\/\/www.sabbafrisca.com\/wp-content\/uploads\/2022\/01\/Marchio-a-colori.png","contentUrl":"https:\/\/www.sabbafrisca.com\/wp-content\/uploads\/2022\/01\/Marchio-a-colori.png","width":1500,"height":1572,"caption":"Parco Museo S'Abba Frisca"},"image":{"@id":"https:\/\/www.sabbafrisca.com\/de\/#\/schema\/logo\/image\/"},"sameAs":["https:\/\/www.facebook.com\/sabbafrisca","https:\/\/x.com\/sabbafrisca","https:\/\/www.instagram.com\/sabbafrisca\/","https:\/\/twitter.com\/sabbafrisca"]}]}},"_links":{"self":[{"href":"https:\/\/www.sabbafrisca.com\/de\/wp-json\/wp\/v2\/pages\/4002","targetHints":{"allow":["GET"]}}],"collection":[{"href":"https:\/\/www.sabbafrisca.com\/de\/wp-json\/wp\/v2\/pages"}],"about":[{"href":"https:\/\/www.sabbafrisca.com\/de\/wp-json\/wp\/v2\/types\/page"}],"author":[{"embeddable":true,"href":"https:\/\/www.sabbafrisca.com\/de\/wp-json\/wp\/v2\/users\/1"}],"replies":[{"embeddable":true,"href":"https:\/\/www.sabbafrisca.com\/de\/wp-json\/wp\/v2\/comments?post=4002"}],"version-history":[{"count":2,"href":"https:\/\/www.sabbafrisca.com\/de\/wp-json\/wp\/v2\/pages\/4002\/revisions"}],"predecessor-version":[{"id":4013,"href":"https:\/\/www.sabbafrisca.com\/de\/wp-json\/wp\/v2\/pages\/4002\/revisions\/4013"}],"wp:featuredmedia":[{"embeddable":true,"href":"https:\/\/www.sabbafrisca.com\/de\/wp-json\/wp\/v2\/media\/2272"}],"wp:attachment":[{"href":"https:\/\/www.sabbafrisca.com\/de\/wp-json\/wp\/v2\/media?parent=4002"}],"curies":[{"name":"wp","href":"https:\/\/api.w.org\/{rel}","templated":true}]}}