{"id":1263,"date":"2019-11-08T19:57:33","date_gmt":"2019-11-08T18:57:33","guid":{"rendered":"https:\/\/www.sabbafrisca.com\/territoire\/cala-gonone\/"},"modified":"2020-09-26T14:33:04","modified_gmt":"2020-09-26T12:33:04","slug":"cala-gonone","status":"publish","type":"page","link":"https:\/\/www.sabbafrisca.com\/fr\/territoire\/cala-gonone\/","title":{"rendered":"Cala Gonone"},"content":{"rendered":"\n<div class=\"wp-block-columns alignfull is-layout-flex wp-container-core-columns-is-layout-9d6595d7 wp-block-columns-is-layout-flex\">\n<div class=\"wp-block-column is-layout-flow wp-block-column-is-layout-flow\">\n<figure class=\"wp-block-image size-large\"><img loading=\"lazy\" decoding=\"async\" width=\"1920\" height=\"1334\" src=\"https:\/\/www.sabbafrisca.com\/wp-content\/uploads\/2019\/12\/Territorio-Gonone-A-1920x1334.jpg\" alt=\"\" class=\"wp-image-371\" srcset=\"https:\/\/www.sabbafrisca.com\/wp-content\/uploads\/2019\/12\/Territorio-Gonone-A-1920x1334.jpg 1920w, https:\/\/www.sabbafrisca.com\/wp-content\/uploads\/2019\/12\/Territorio-Gonone-A-1024x711.jpg 1024w, https:\/\/www.sabbafrisca.com\/wp-content\/uploads\/2019\/12\/Territorio-Gonone-A-768x533.jpg 768w, https:\/\/www.sabbafrisca.com\/wp-content\/uploads\/2019\/12\/Territorio-Gonone-A-1536x1067.jpg 1536w, https:\/\/www.sabbafrisca.com\/wp-content\/uploads\/2019\/12\/Territorio-Gonone-A-2048x1422.jpg 2048w, https:\/\/www.sabbafrisca.com\/wp-content\/uploads\/2019\/12\/Territorio-Gonone-A-200x139.jpg 200w, https:\/\/www.sabbafrisca.com\/wp-content\/uploads\/2019\/12\/Territorio-Gonone-A-299x208.jpg 299w, https:\/\/www.sabbafrisca.com\/wp-content\/uploads\/2019\/12\/Territorio-Gonone-A-399x277.jpg 399w, https:\/\/www.sabbafrisca.com\/wp-content\/uploads\/2019\/12\/Territorio-Gonone-A-479x333.jpg 479w, https:\/\/www.sabbafrisca.com\/wp-content\/uploads\/2019\/12\/Territorio-Gonone-A-639x444.jpg 639w, https:\/\/www.sabbafrisca.com\/wp-content\/uploads\/2019\/12\/Territorio-Gonone-A-799x555.jpg 799w, https:\/\/www.sabbafrisca.com\/wp-content\/uploads\/2019\/12\/Territorio-Gonone-A-898x624.jpg 898w, https:\/\/www.sabbafrisca.com\/wp-content\/uploads\/2019\/12\/Territorio-Gonone-A-998x693.jpg 998w, https:\/\/www.sabbafrisca.com\/wp-content\/uploads\/2019\/12\/Territorio-Gonone-A-1198x832.jpg 1198w, https:\/\/www.sabbafrisca.com\/wp-content\/uploads\/2019\/12\/Territorio-Gonone-A-400x278.jpg 400w, https:\/\/www.sabbafrisca.com\/wp-content\/uploads\/2019\/12\/Territorio-Gonone-A-599x416.jpg 599w, https:\/\/www.sabbafrisca.com\/wp-content\/uploads\/2019\/12\/Territorio-Gonone-A-798x554.jpg 798w, https:\/\/www.sabbafrisca.com\/wp-content\/uploads\/2019\/12\/Territorio-Gonone-A-959x666.jpg 959w, https:\/\/www.sabbafrisca.com\/wp-content\/uploads\/2019\/12\/Territorio-Gonone-A-1279x888.jpg 1279w, https:\/\/www.sabbafrisca.com\/wp-content\/uploads\/2019\/12\/Territorio-Gonone-A-1598x1110.jpg 1598w, https:\/\/www.sabbafrisca.com\/wp-content\/uploads\/2019\/12\/Territorio-Gonone-A-1797x1248.jpg 1797w, https:\/\/www.sabbafrisca.com\/wp-content\/uploads\/2019\/12\/Territorio-Gonone-A-1996x1386.jpg 1996w\" sizes=\"auto, (max-width: 1920px) 100vw, 1920px\" \/><\/figure>\n<\/div>\n\n\n\n<div class=\"wp-block-column txt is-layout-flow wp-block-column-is-layout-flow\">\n<h2 class=\"wp-block-heading\">Cala Gonone<\/h2>\n\n\n\n<p>Cala Gonone, hameau touristique de Dorgali situ\u00e9 dans le centre du golfe d&rsquo;Orosei, se trouve \u00e0 seulement 4 km du parc du mus\u00e9e S&rsquo;Abba Frisca. C&rsquo;est un point de r\u00e9f\u00e9rence pour tous ceux qui souhaitent visiter les plus belles plages de la M\u00e9diterran\u00e9e et explorer l&rsquo;arri\u00e8re-pays, riche en sites arch\u00e9ologiques et naturalistes de grand int\u00e9r\u00eat. Entour\u00e9 de montagnes calcaires et de for\u00eats de ch\u00eanes verts qui forment un amphith\u00e9\u00e2tre naturel d&rsquo;extraordinaire beaut\u00e9, Cala Gonone repr\u00e9sente le point de rencontre entre le Supramonte et la mer. Station baln\u00e9aire c\u00e9l\u00e8bre depuis les premi\u00e8res d\u00e9cennies du 20e si\u00e8cle, elle est accessible depuis le parc-mus\u00e9e en parcourant le col d&rsquo;Irghiriai, ou depuis Dorgali par le tunnel du mont Bardia.<\/p>\n\n\n\n<h3 class=\"wp-block-heading\">\u00c0 VOIR<\/h3>\n\n\n\n<h4 class=\"wp-block-heading\"><strong>Le golfe et les plages<\/strong><\/h4>\n\n\n\n<p>La pr\u00e9sence de la marina fait de Cala Gonone un point de d\u00e9part privil\u00e9gi\u00e9 pour des mini-croisi\u00e8res dans le golfe d&rsquo;Orosei, gr\u00e2ce au service offert par le Consorzio Trasporti Marittimi et le Consorzio Noleggiatori Cala Gonone. Vous pouvez ainsi atteindre la c\u00e9l\u00e8bre grotte du Bue Marino, la porte d&rsquo;entr\u00e9e du plus long syst\u00e8me de grottes d&rsquo;Italie o\u00f9, jusqu&rsquo;aux ann\u00e9es 1980, il \u00e9tait possible d&rsquo;observer les derniers sp\u00e9cimens de phoques moines. Dans le m\u00eame itin\u00e9raire, les belles plages de Cala Fuili, Cala Luna, Cala Mariolu, Cala Goloritz\u00e8 et autres, parmi les plus connues de Sardaigne et d&rsquo;Europe.<\/p>\n<\/div>\n<\/div>\n\n\n\n<div class=\"wp-block-columns alignfull is-layout-flex wp-container-core-columns-is-layout-9d6595d7 wp-block-columns-is-layout-flex\">\n<div class=\"wp-block-column txt is-layout-flow wp-block-column-is-layout-flow\">\n<h4 class=\"wp-block-heading\">Activit\u00e9s et excursions \u00e0 Cala Gonone<\/h4>\n\n\n\n<p>Pas tr\u00e8s loin du port, nous trouvons la Plage Centrale et la Promenade, qui offre une agr\u00e9able balade jusqu&rsquo;au parc de Palmasera, un lieu d\u00e9di\u00e9 aux \u00e9v\u00e9nements qui animent la station baln\u00e9aire en \u00e9t\u00e9. Cala Gonone est consid\u00e9r\u00e9e comme le paradis de l&rsquo;escalade en Sardaigne, en raison des falaises surplombant la mer et des dizaines de chemins \u00e9quip\u00e9s. Gr\u00e2ce \u00e0 la douceur du climat pendant toute l&rsquo;ann\u00e9e et \u00e0 la pr\u00e9sence de nombreux op\u00e9rateurs qui proposent des services hautement qualifi\u00e9s, il est possible de pratiquer les sports et activit\u00e9s en plein air les plus vari\u00e9s tels que le trekking, le kayak, les excursions dans les grottes, la plong\u00e9e, la marche \u00e0 cheval ou en fatbike.<\/p>\n\n\n\n<h4 class=\"wp-block-heading\">H\u00f4tels et services \u00e0 Cala Gonone<\/h4>\n\n\n\n<p>De nombreux h\u00f4tels, villages de vacances et chambres d&rsquo;h\u00f4tes sont disponibles, o\u00f9 vous pouvez s\u00e9journer aussi bien en haute saison qu&rsquo;en hiver. Pour atteindre le parc-mus\u00e9e S&rsquo;Abba Frisca, il est possible \u00e0 Cala Gonone de louer des v\u00e9los \u00e0 assistance \u00e9lectrique, des scooters ou des voitures. Il y a aussi un service de taxi tuk-tuk et de location de voiture avec chauffeur.<\/p>\n<\/div>\n\n\n\n<div class=\"wp-block-column is-layout-flow wp-block-column-is-layout-flow\">\n<figure class=\"wp-block-image size-large\"><img loading=\"lazy\" decoding=\"async\" width=\"1920\" height=\"1334\" src=\"https:\/\/www.sabbafrisca.com\/wp-content\/uploads\/2019\/12\/Territorio-Gonone-B-1920x1334.jpg\" alt=\"\" class=\"wp-image-382\" srcset=\"https:\/\/www.sabbafrisca.com\/wp-content\/uploads\/2019\/12\/Territorio-Gonone-B-1920x1334.jpg 1920w, https:\/\/www.sabbafrisca.com\/wp-content\/uploads\/2019\/12\/Territorio-Gonone-B-1024x711.jpg 1024w, https:\/\/www.sabbafrisca.com\/wp-content\/uploads\/2019\/12\/Territorio-Gonone-B-768x533.jpg 768w, https:\/\/www.sabbafrisca.com\/wp-content\/uploads\/2019\/12\/Territorio-Gonone-B-1536x1067.jpg 1536w, https:\/\/www.sabbafrisca.com\/wp-content\/uploads\/2019\/12\/Territorio-Gonone-B-2048x1422.jpg 2048w, https:\/\/www.sabbafrisca.com\/wp-content\/uploads\/2019\/12\/Territorio-Gonone-B-200x139.jpg 200w, https:\/\/www.sabbafrisca.com\/wp-content\/uploads\/2019\/12\/Territorio-Gonone-B-299x208.jpg 299w, https:\/\/www.sabbafrisca.com\/wp-content\/uploads\/2019\/12\/Territorio-Gonone-B-399x277.jpg 399w, https:\/\/www.sabbafrisca.com\/wp-content\/uploads\/2019\/12\/Territorio-Gonone-B-479x333.jpg 479w, https:\/\/www.sabbafrisca.com\/wp-content\/uploads\/2019\/12\/Territorio-Gonone-B-639x444.jpg 639w, https:\/\/www.sabbafrisca.com\/wp-content\/uploads\/2019\/12\/Territorio-Gonone-B-799x555.jpg 799w, https:\/\/www.sabbafrisca.com\/wp-content\/uploads\/2019\/12\/Territorio-Gonone-B-898x624.jpg 898w, https:\/\/www.sabbafrisca.com\/wp-content\/uploads\/2019\/12\/Territorio-Gonone-B-998x693.jpg 998w, https:\/\/www.sabbafrisca.com\/wp-content\/uploads\/2019\/12\/Territorio-Gonone-B-1198x832.jpg 1198w, https:\/\/www.sabbafrisca.com\/wp-content\/uploads\/2019\/12\/Territorio-Gonone-B-400x278.jpg 400w, https:\/\/www.sabbafrisca.com\/wp-content\/uploads\/2019\/12\/Territorio-Gonone-B-599x416.jpg 599w, https:\/\/www.sabbafrisca.com\/wp-content\/uploads\/2019\/12\/Territorio-Gonone-B-798x554.jpg 798w, https:\/\/www.sabbafrisca.com\/wp-content\/uploads\/2019\/12\/Territorio-Gonone-B-959x666.jpg 959w, https:\/\/www.sabbafrisca.com\/wp-content\/uploads\/2019\/12\/Territorio-Gonone-B-1279x888.jpg 1279w, https:\/\/www.sabbafrisca.com\/wp-content\/uploads\/2019\/12\/Territorio-Gonone-B-1598x1110.jpg 1598w, https:\/\/www.sabbafrisca.com\/wp-content\/uploads\/2019\/12\/Territorio-Gonone-B-1797x1248.jpg 1797w, https:\/\/www.sabbafrisca.com\/wp-content\/uploads\/2019\/12\/Territorio-Gonone-B-1996x1386.jpg 1996w\" sizes=\"auto, (max-width: 1920px) 100vw, 1920px\" \/><\/figure>\n<\/div>\n<\/div>\n\n\n\n<figure class=\"wp-block-image alignfull size-large\"><img loading=\"lazy\" decoding=\"async\" width=\"1920\" height=\"724\" src=\"https:\/\/www.sabbafrisca.com\/wp-content\/uploads\/2019\/12\/Territorio-Gonone-C-1920x724.jpg\" alt=\"\" class=\"wp-image-383\" srcset=\"https:\/\/www.sabbafrisca.com\/wp-content\/uploads\/2019\/12\/Territorio-Gonone-C-1920x724.jpg 1920w, https:\/\/www.sabbafrisca.com\/wp-content\/uploads\/2019\/12\/Territorio-Gonone-C-1024x386.jpg 1024w, https:\/\/www.sabbafrisca.com\/wp-content\/uploads\/2019\/12\/Territorio-Gonone-C-768x290.jpg 768w, https:\/\/www.sabbafrisca.com\/wp-content\/uploads\/2019\/12\/Territorio-Gonone-C-1536x579.jpg 1536w, https:\/\/www.sabbafrisca.com\/wp-content\/uploads\/2019\/12\/Territorio-Gonone-C-2048x772.jpg 2048w, https:\/\/www.sabbafrisca.com\/wp-content\/uploads\/2019\/12\/Territorio-Gonone-C-320x121.jpg 320w, https:\/\/www.sabbafrisca.com\/wp-content\/uploads\/2019\/12\/Territorio-Gonone-C-480x181.jpg 480w, https:\/\/www.sabbafrisca.com\/wp-content\/uploads\/2019\/12\/Territorio-Gonone-C-640x241.jpg 640w, https:\/\/www.sabbafrisca.com\/wp-content\/uploads\/2019\/12\/Territorio-Gonone-C-1280x483.jpg 1280w, https:\/\/www.sabbafrisca.com\/wp-content\/uploads\/2019\/12\/Territorio-Gonone-C-1440x543.jpg 1440w, https:\/\/www.sabbafrisca.com\/wp-content\/uploads\/2019\/12\/Territorio-Gonone-C-1600x603.jpg 1600w, https:\/\/www.sabbafrisca.com\/wp-content\/uploads\/2019\/12\/Territorio-Gonone-C-960x362.jpg 960w\" sizes=\"auto, (max-width: 1920px) 100vw, 1920px\" \/><\/figure>\n","protected":false},"excerpt":{"rendered":"<p>Cala Gonone Cala Gonone, hameau touristique de Dorgali situ\u00e9 dans le centre du golfe d&rsquo;Orosei, se trouve \u00e0 seulement 4 km du parc du mus\u00e9e S&rsquo;Abba Frisca. C&rsquo;est un point&#8230;<\/p>\n","protected":false},"author":1,"featured_media":926,"parent":1253,"menu_order":0,"comment_status":"closed","ping_status":"closed","template":"page-comuni.php","meta":{"_acf_changed":false,"footnotes":""},"class_list":["post-1263","page","type-page","status-publish","has-post-thumbnail","hentry"],"acf":[],"yoast_head":"<!-- This site is optimized with the Yoast SEO plugin v25.9 - https:\/\/yoast.com\/wordpress\/plugins\/seo\/ -->\n<title>Cala Gonone - S&#039;Abba Frisca Parco Museo<\/title>\n<meta name=\"robots\" content=\"index, follow, max-snippet:-1, max-image-preview:large, max-video-preview:-1\" \/>\n<link rel=\"canonical\" href=\"https:\/\/www.sabbafrisca.com\/fr\/territoire\/cala-gonone\/\" \/>\n<meta property=\"og:locale\" content=\"fr_FR\" \/>\n<meta property=\"og:type\" content=\"article\" \/>\n<meta property=\"og:title\" content=\"Cala Gonone - S&#039;Abba Frisca Parco Museo\" \/>\n<meta property=\"og:description\" content=\"Cala Gonone Cala Gonone, hameau touristique de Dorgali situ\u00e9 dans le centre du golfe d&rsquo;Orosei, se trouve \u00e0 seulement 4 km du parc du mus\u00e9e S&rsquo;Abba Frisca. C&rsquo;est un point...\" \/>\n<meta property=\"og:url\" content=\"https:\/\/www.sabbafrisca.com\/fr\/territoire\/cala-gonone\/\" \/>\n<meta property=\"og:site_name\" content=\"S&#039;Abba Frisca Parco Museo\" \/>\n<meta property=\"article:publisher\" content=\"https:\/\/www.facebook.com\/sabbafrisca\" \/>\n<meta property=\"article:modified_time\" content=\"2020-09-26T12:33:04+00:00\" \/>\n<meta property=\"og:image\" content=\"https:\/\/www.sabbafrisca.com\/wp-content\/uploads\/2019\/12\/Territorio-scaled.jpg\" \/>\n\t<meta property=\"og:image:width\" content=\"2560\" \/>\n\t<meta property=\"og:image:height\" content=\"1121\" \/>\n\t<meta property=\"og:image:type\" content=\"image\/jpeg\" \/>\n<meta name=\"twitter:card\" content=\"summary_large_image\" \/>\n<meta name=\"twitter:site\" content=\"@sabbafrisca\" \/>\n<meta name=\"twitter:label1\" content=\"Dur\u00e9e de lecture estim\u00e9e\" \/>\n\t<meta name=\"twitter:data1\" content=\"2 minutes\" \/>\n<script type=\"application\/ld+json\" class=\"yoast-schema-graph\">{\"@context\":\"https:\/\/schema.org\",\"@graph\":[{\"@type\":\"WebPage\",\"@id\":\"https:\/\/www.sabbafrisca.com\/fr\/territoire\/cala-gonone\/\",\"url\":\"https:\/\/www.sabbafrisca.com\/fr\/territoire\/cala-gonone\/\",\"name\":\"Cala Gonone - S&#039;Abba Frisca Parco Museo\",\"isPartOf\":{\"@id\":\"https:\/\/www.sabbafrisca.com\/fr\/#website\"},\"primaryImageOfPage\":{\"@id\":\"https:\/\/www.sabbafrisca.com\/fr\/territoire\/cala-gonone\/#primaryimage\"},\"image\":{\"@id\":\"https:\/\/www.sabbafrisca.com\/fr\/territoire\/cala-gonone\/#primaryimage\"},\"thumbnailUrl\":\"https:\/\/www.sabbafrisca.com\/wp-content\/uploads\/2019\/12\/Territorio-scaled.jpg\",\"datePublished\":\"2019-11-08T18:57:33+00:00\",\"dateModified\":\"2020-09-26T12:33:04+00:00\",\"breadcrumb\":{\"@id\":\"https:\/\/www.sabbafrisca.com\/fr\/territoire\/cala-gonone\/#breadcrumb\"},\"inLanguage\":\"fr-FR\",\"potentialAction\":[{\"@type\":\"ReadAction\",\"target\":[\"https:\/\/www.sabbafrisca.com\/fr\/territoire\/cala-gonone\/\"]}]},{\"@type\":\"ImageObject\",\"inLanguage\":\"fr-FR\",\"@id\":\"https:\/\/www.sabbafrisca.com\/fr\/territoire\/cala-gonone\/#primaryimage\",\"url\":\"https:\/\/www.sabbafrisca.com\/wp-content\/uploads\/2019\/12\/Territorio-scaled.jpg\",\"contentUrl\":\"https:\/\/www.sabbafrisca.com\/wp-content\/uploads\/2019\/12\/Territorio-scaled.jpg\",\"width\":2560,\"height\":1121,\"caption\":\"DCIM100MEDIA\"},{\"@type\":\"BreadcrumbList\",\"@id\":\"https:\/\/www.sabbafrisca.com\/fr\/territoire\/cala-gonone\/#breadcrumb\",\"itemListElement\":[{\"@type\":\"ListItem\",\"position\":1,\"name\":\"Home\",\"item\":\"https:\/\/www.sabbafrisca.com\/fr\/\"},{\"@type\":\"ListItem\",\"position\":2,\"name\":\"Le territoire\",\"item\":\"https:\/\/www.sabbafrisca.com\/fr\/territoire\/\"},{\"@type\":\"ListItem\",\"position\":3,\"name\":\"Cala Gonone\"}]},{\"@type\":\"WebSite\",\"@id\":\"https:\/\/www.sabbafrisca.com\/fr\/#website\",\"url\":\"https:\/\/www.sabbafrisca.com\/fr\/\",\"name\":\"S&#039;Abba Frisca Parco Museo\",\"description\":\"A Dorgali, il Parco Museo della Sardegna\",\"publisher\":{\"@id\":\"https:\/\/www.sabbafrisca.com\/fr\/#organization\"},\"potentialAction\":[{\"@type\":\"SearchAction\",\"target\":{\"@type\":\"EntryPoint\",\"urlTemplate\":\"https:\/\/www.sabbafrisca.com\/fr\/?s={search_term_string}\"},\"query-input\":{\"@type\":\"PropertyValueSpecification\",\"valueRequired\":true,\"valueName\":\"search_term_string\"}}],\"inLanguage\":\"fr-FR\"},{\"@type\":\"Organization\",\"@id\":\"https:\/\/www.sabbafrisca.com\/fr\/#organization\",\"name\":\"Parco Museo S'Abba Frisca\",\"url\":\"https:\/\/www.sabbafrisca.com\/fr\/\",\"logo\":{\"@type\":\"ImageObject\",\"inLanguage\":\"fr-FR\",\"@id\":\"https:\/\/www.sabbafrisca.com\/fr\/#\/schema\/logo\/image\/\",\"url\":\"https:\/\/www.sabbafrisca.com\/wp-content\/uploads\/2022\/01\/Marchio-a-colori.png\",\"contentUrl\":\"https:\/\/www.sabbafrisca.com\/wp-content\/uploads\/2022\/01\/Marchio-a-colori.png\",\"width\":1500,\"height\":1572,\"caption\":\"Parco Museo S'Abba Frisca\"},\"image\":{\"@id\":\"https:\/\/www.sabbafrisca.com\/fr\/#\/schema\/logo\/image\/\"},\"sameAs\":[\"https:\/\/www.facebook.com\/sabbafrisca\",\"https:\/\/x.com\/sabbafrisca\",\"https:\/\/www.instagram.com\/sabbafrisca\/\",\"https:\/\/twitter.com\/sabbafrisca\"]}]}<\/script>\n<!-- \/ Yoast SEO plugin. -->","yoast_head_json":{"title":"Cala Gonone - S&#039;Abba Frisca Parco Museo","robots":{"index":"index","follow":"follow","max-snippet":"max-snippet:-1","max-image-preview":"max-image-preview:large","max-video-preview":"max-video-preview:-1"},"canonical":"https:\/\/www.sabbafrisca.com\/fr\/territoire\/cala-gonone\/","og_locale":"fr_FR","og_type":"article","og_title":"Cala Gonone - S&#039;Abba Frisca Parco Museo","og_description":"Cala Gonone Cala Gonone, hameau touristique de Dorgali situ\u00e9 dans le centre du golfe d&rsquo;Orosei, se trouve \u00e0 seulement 4 km du parc du mus\u00e9e S&rsquo;Abba Frisca. C&rsquo;est un point...","og_url":"https:\/\/www.sabbafrisca.com\/fr\/territoire\/cala-gonone\/","og_site_name":"S&#039;Abba Frisca Parco Museo","article_publisher":"https:\/\/www.facebook.com\/sabbafrisca","article_modified_time":"2020-09-26T12:33:04+00:00","og_image":[{"width":2560,"height":1121,"url":"https:\/\/www.sabbafrisca.com\/wp-content\/uploads\/2019\/12\/Territorio-scaled.jpg","type":"image\/jpeg"}],"twitter_card":"summary_large_image","twitter_site":"@sabbafrisca","twitter_misc":{"Dur\u00e9e de lecture estim\u00e9e":"2 minutes"},"schema":{"@context":"https:\/\/schema.org","@graph":[{"@type":"WebPage","@id":"https:\/\/www.sabbafrisca.com\/fr\/territoire\/cala-gonone\/","url":"https:\/\/www.sabbafrisca.com\/fr\/territoire\/cala-gonone\/","name":"Cala Gonone - S&#039;Abba Frisca Parco Museo","isPartOf":{"@id":"https:\/\/www.sabbafrisca.com\/fr\/#website"},"primaryImageOfPage":{"@id":"https:\/\/www.sabbafrisca.com\/fr\/territoire\/cala-gonone\/#primaryimage"},"image":{"@id":"https:\/\/www.sabbafrisca.com\/fr\/territoire\/cala-gonone\/#primaryimage"},"thumbnailUrl":"https:\/\/www.sabbafrisca.com\/wp-content\/uploads\/2019\/12\/Territorio-scaled.jpg","datePublished":"2019-11-08T18:57:33+00:00","dateModified":"2020-09-26T12:33:04+00:00","breadcrumb":{"@id":"https:\/\/www.sabbafrisca.com\/fr\/territoire\/cala-gonone\/#breadcrumb"},"inLanguage":"fr-FR","potentialAction":[{"@type":"ReadAction","target":["https:\/\/www.sabbafrisca.com\/fr\/territoire\/cala-gonone\/"]}]},{"@type":"ImageObject","inLanguage":"fr-FR","@id":"https:\/\/www.sabbafrisca.com\/fr\/territoire\/cala-gonone\/#primaryimage","url":"https:\/\/www.sabbafrisca.com\/wp-content\/uploads\/2019\/12\/Territorio-scaled.jpg","contentUrl":"https:\/\/www.sabbafrisca.com\/wp-content\/uploads\/2019\/12\/Territorio-scaled.jpg","width":2560,"height":1121,"caption":"DCIM100MEDIA"},{"@type":"BreadcrumbList","@id":"https:\/\/www.sabbafrisca.com\/fr\/territoire\/cala-gonone\/#breadcrumb","itemListElement":[{"@type":"ListItem","position":1,"name":"Home","item":"https:\/\/www.sabbafrisca.com\/fr\/"},{"@type":"ListItem","position":2,"name":"Le territoire","item":"https:\/\/www.sabbafrisca.com\/fr\/territoire\/"},{"@type":"ListItem","position":3,"name":"Cala Gonone"}]},{"@type":"WebSite","@id":"https:\/\/www.sabbafrisca.com\/fr\/#website","url":"https:\/\/www.sabbafrisca.com\/fr\/","name":"S&#039;Abba Frisca Parco Museo","description":"A Dorgali, il Parco Museo della Sardegna","publisher":{"@id":"https:\/\/www.sabbafrisca.com\/fr\/#organization"},"potentialAction":[{"@type":"SearchAction","target":{"@type":"EntryPoint","urlTemplate":"https:\/\/www.sabbafrisca.com\/fr\/?s={search_term_string}"},"query-input":{"@type":"PropertyValueSpecification","valueRequired":true,"valueName":"search_term_string"}}],"inLanguage":"fr-FR"},{"@type":"Organization","@id":"https:\/\/www.sabbafrisca.com\/fr\/#organization","name":"Parco Museo S'Abba Frisca","url":"https:\/\/www.sabbafrisca.com\/fr\/","logo":{"@type":"ImageObject","inLanguage":"fr-FR","@id":"https:\/\/www.sabbafrisca.com\/fr\/#\/schema\/logo\/image\/","url":"https:\/\/www.sabbafrisca.com\/wp-content\/uploads\/2022\/01\/Marchio-a-colori.png","contentUrl":"https:\/\/www.sabbafrisca.com\/wp-content\/uploads\/2022\/01\/Marchio-a-colori.png","width":1500,"height":1572,"caption":"Parco Museo S'Abba Frisca"},"image":{"@id":"https:\/\/www.sabbafrisca.com\/fr\/#\/schema\/logo\/image\/"},"sameAs":["https:\/\/www.facebook.com\/sabbafrisca","https:\/\/x.com\/sabbafrisca","https:\/\/www.instagram.com\/sabbafrisca\/","https:\/\/twitter.com\/sabbafrisca"]}]}},"_links":{"self":[{"href":"https:\/\/www.sabbafrisca.com\/fr\/wp-json\/wp\/v2\/pages\/1263","targetHints":{"allow":["GET"]}}],"collection":[{"href":"https:\/\/www.sabbafrisca.com\/fr\/wp-json\/wp\/v2\/pages"}],"about":[{"href":"https:\/\/www.sabbafrisca.com\/fr\/wp-json\/wp\/v2\/types\/page"}],"author":[{"embeddable":true,"href":"https:\/\/www.sabbafrisca.com\/fr\/wp-json\/wp\/v2\/users\/1"}],"replies":[{"embeddable":true,"href":"https:\/\/www.sabbafrisca.com\/fr\/wp-json\/wp\/v2\/comments?post=1263"}],"version-history":[{"count":0,"href":"https:\/\/www.sabbafrisca.com\/fr\/wp-json\/wp\/v2\/pages\/1263\/revisions"}],"up":[{"embeddable":true,"href":"https:\/\/www.sabbafrisca.com\/fr\/wp-json\/wp\/v2\/pages\/1253"}],"wp:featuredmedia":[{"embeddable":true,"href":"https:\/\/www.sabbafrisca.com\/fr\/wp-json\/wp\/v2\/media\/926"}],"wp:attachment":[{"href":"https:\/\/www.sabbafrisca.com\/fr\/wp-json\/wp\/v2\/media?parent=1263"}],"curies":[{"name":"wp","href":"https:\/\/api.w.org\/{rel}","templated":true}]}}