{"id":1270,"date":"2019-11-08T19:55:01","date_gmt":"2019-11-08T18:55:01","guid":{"rendered":"https:\/\/www.sabbafrisca.com\/informazioni\/"},"modified":"2024-11-09T12:40:43","modified_gmt":"2024-11-09T11:40:43","slug":"informations","status":"publish","type":"page","link":"https:\/\/www.sabbafrisca.com\/fr\/informations\/","title":{"rendered":"Informations"},"content":{"rendered":"<p><strong>En bus ou en voiture<\/strong>: Parcourez la s.s. 125 qui relie Dorgali et Cala Gonone \u00e0 Orosei.<br \/>\nAu Km 209.400 prenez la sortie pour le parc-mus\u00e9e e pour la grotte de Ispinigoli.<br \/>\nContinuez en suivant la route communale sur 5 Km, en laissant \u00e0 votre gauche les sorties pour les plages de Osala de Dorgali et Cala Cartoe.<\/p>\n<p><strong>En voiture de Dorgali<\/strong>: En plus de l&rsquo;itin\u00e9raire sur la s.s. 125, il est possible de parcourir sur 5 km la route municipale qui, de la rocade, pr\u00e8s du lyc\u00e9e scientifique, m\u00e8ne \u00e0 la plage de Cala Cartoe \u00e0 travers la for\u00eat de Littu.<\/p>\n<p><strong>En voiture de Cala Gonone<\/strong>: Parcourez sur 4 Km la route che qui du port m\u00e8ne aux plages de Cala Cartoe et Osala \u00e0 travers le col de Irghiriai.<\/p>\n<p><em>Le parc-mus\u00e9e S\u2019Abba Frisca est \u00e9quip\u00e9 d\u2019un grand parking priv\u00e9 avec espace de man\u0153uvre et de la place pour 4-5 bus.<\/em><\/p>\n<p><strong>Coordonn\u00e9es GPS<\/strong>: lat. 40.307452, long. 9.62993<\/p>\n<p>Planning your next trip? Search on <a href=\"https:\/\/www.kayak.co.uk\/\">KAYAK<\/a><\/p>\n","protected":false},"excerpt":{"rendered":"<p>En bus ou en voiture: Parcourez la s.s. 125 qui relie Dorgali et Cala Gonone \u00e0 Orosei. Au Km 209.400 prenez la sortie pour le parc-mus\u00e9e e pour la grotte&#8230;<\/p>\n","protected":false},"author":1,"featured_media":952,"parent":0,"menu_order":0,"comment_status":"closed","ping_status":"closed","template":"page-info.php","meta":{"_acf_changed":false,"footnotes":""},"class_list":["post-1270","page","type-page","status-publish","has-post-thumbnail","hentry"],"acf":[],"yoast_head":"<!-- This site is optimized with the Yoast SEO plugin v25.9 - https:\/\/yoast.com\/wordpress\/plugins\/seo\/ -->\n<title>Informations - S&#039;Abba Frisca Parco Museo<\/title>\n<meta name=\"robots\" content=\"index, follow, max-snippet:-1, max-image-preview:large, max-video-preview:-1\" \/>\n<link rel=\"canonical\" href=\"https:\/\/www.sabbafrisca.com\/fr\/informations\/\" \/>\n<meta property=\"og:locale\" content=\"fr_FR\" \/>\n<meta property=\"og:type\" content=\"article\" \/>\n<meta property=\"og:title\" content=\"Informations - S&#039;Abba Frisca Parco Museo\" \/>\n<meta property=\"og:description\" content=\"En bus ou en voiture: Parcourez la s.s. 125 qui relie Dorgali et Cala Gonone \u00e0 Orosei. Au Km 209.400 prenez la sortie pour le parc-mus\u00e9e e pour la grotte...\" \/>\n<meta property=\"og:url\" content=\"https:\/\/www.sabbafrisca.com\/fr\/informations\/\" \/>\n<meta property=\"og:site_name\" content=\"S&#039;Abba Frisca Parco Museo\" \/>\n<meta property=\"article:publisher\" content=\"https:\/\/www.facebook.com\/sabbafrisca\" \/>\n<meta property=\"article:modified_time\" content=\"2024-11-09T11:40:43+00:00\" \/>\n<meta property=\"og:image\" content=\"https:\/\/www.sabbafrisca.com\/wp-content\/uploads\/2019\/12\/Informazioni-scaled.jpg\" \/>\n\t<meta property=\"og:image:width\" content=\"2560\" \/>\n\t<meta property=\"og:image:height\" content=\"1120\" \/>\n\t<meta property=\"og:image:type\" content=\"image\/jpeg\" \/>\n<meta name=\"twitter:card\" content=\"summary_large_image\" \/>\n<meta name=\"twitter:site\" content=\"@sabbafrisca\" \/>\n<meta name=\"twitter:label1\" content=\"Dur\u00e9e de lecture estim\u00e9e\" \/>\n\t<meta name=\"twitter:data1\" content=\"1 minute\" \/>\n<script type=\"application\/ld+json\" class=\"yoast-schema-graph\">{\"@context\":\"https:\/\/schema.org\",\"@graph\":[{\"@type\":\"WebPage\",\"@id\":\"https:\/\/www.sabbafrisca.com\/fr\/informations\/\",\"url\":\"https:\/\/www.sabbafrisca.com\/fr\/informations\/\",\"name\":\"Informations - S&#039;Abba Frisca Parco Museo\",\"isPartOf\":{\"@id\":\"https:\/\/www.sabbafrisca.com\/fr\/#website\"},\"primaryImageOfPage\":{\"@id\":\"https:\/\/www.sabbafrisca.com\/fr\/informations\/#primaryimage\"},\"image\":{\"@id\":\"https:\/\/www.sabbafrisca.com\/fr\/informations\/#primaryimage\"},\"thumbnailUrl\":\"https:\/\/www.sabbafrisca.com\/wp-content\/uploads\/2019\/12\/Informazioni-scaled.jpg\",\"datePublished\":\"2019-11-08T18:55:01+00:00\",\"dateModified\":\"2024-11-09T11:40:43+00:00\",\"breadcrumb\":{\"@id\":\"https:\/\/www.sabbafrisca.com\/fr\/informations\/#breadcrumb\"},\"inLanguage\":\"fr-FR\",\"potentialAction\":[{\"@type\":\"ReadAction\",\"target\":[\"https:\/\/www.sabbafrisca.com\/fr\/informations\/\"]}]},{\"@type\":\"ImageObject\",\"inLanguage\":\"fr-FR\",\"@id\":\"https:\/\/www.sabbafrisca.com\/fr\/informations\/#primaryimage\",\"url\":\"https:\/\/www.sabbafrisca.com\/wp-content\/uploads\/2019\/12\/Informazioni-scaled.jpg\",\"contentUrl\":\"https:\/\/www.sabbafrisca.com\/wp-content\/uploads\/2019\/12\/Informazioni-scaled.jpg\",\"width\":2560,\"height\":1120},{\"@type\":\"BreadcrumbList\",\"@id\":\"https:\/\/www.sabbafrisca.com\/fr\/informations\/#breadcrumb\",\"itemListElement\":[{\"@type\":\"ListItem\",\"position\":1,\"name\":\"Home\",\"item\":\"https:\/\/www.sabbafrisca.com\/fr\/\"},{\"@type\":\"ListItem\",\"position\":2,\"name\":\"Informations\"}]},{\"@type\":\"WebSite\",\"@id\":\"https:\/\/www.sabbafrisca.com\/fr\/#website\",\"url\":\"https:\/\/www.sabbafrisca.com\/fr\/\",\"name\":\"S&#039;Abba Frisca Parco Museo\",\"description\":\"A Dorgali, il Parco Museo della Sardegna\",\"publisher\":{\"@id\":\"https:\/\/www.sabbafrisca.com\/fr\/#organization\"},\"potentialAction\":[{\"@type\":\"SearchAction\",\"target\":{\"@type\":\"EntryPoint\",\"urlTemplate\":\"https:\/\/www.sabbafrisca.com\/fr\/?s={search_term_string}\"},\"query-input\":{\"@type\":\"PropertyValueSpecification\",\"valueRequired\":true,\"valueName\":\"search_term_string\"}}],\"inLanguage\":\"fr-FR\"},{\"@type\":\"Organization\",\"@id\":\"https:\/\/www.sabbafrisca.com\/fr\/#organization\",\"name\":\"Parco Museo S'Abba Frisca\",\"url\":\"https:\/\/www.sabbafrisca.com\/fr\/\",\"logo\":{\"@type\":\"ImageObject\",\"inLanguage\":\"fr-FR\",\"@id\":\"https:\/\/www.sabbafrisca.com\/fr\/#\/schema\/logo\/image\/\",\"url\":\"https:\/\/www.sabbafrisca.com\/wp-content\/uploads\/2022\/01\/Marchio-a-colori.png\",\"contentUrl\":\"https:\/\/www.sabbafrisca.com\/wp-content\/uploads\/2022\/01\/Marchio-a-colori.png\",\"width\":1500,\"height\":1572,\"caption\":\"Parco Museo S'Abba Frisca\"},\"image\":{\"@id\":\"https:\/\/www.sabbafrisca.com\/fr\/#\/schema\/logo\/image\/\"},\"sameAs\":[\"https:\/\/www.facebook.com\/sabbafrisca\",\"https:\/\/x.com\/sabbafrisca\",\"https:\/\/www.instagram.com\/sabbafrisca\/\",\"https:\/\/twitter.com\/sabbafrisca\"]}]}<\/script>\n<!-- \/ Yoast SEO plugin. -->","yoast_head_json":{"title":"Informations - S&#039;Abba Frisca Parco Museo","robots":{"index":"index","follow":"follow","max-snippet":"max-snippet:-1","max-image-preview":"max-image-preview:large","max-video-preview":"max-video-preview:-1"},"canonical":"https:\/\/www.sabbafrisca.com\/fr\/informations\/","og_locale":"fr_FR","og_type":"article","og_title":"Informations - S&#039;Abba Frisca Parco Museo","og_description":"En bus ou en voiture: Parcourez la s.s. 125 qui relie Dorgali et Cala Gonone \u00e0 Orosei. Au Km 209.400 prenez la sortie pour le parc-mus\u00e9e e pour la grotte...","og_url":"https:\/\/www.sabbafrisca.com\/fr\/informations\/","og_site_name":"S&#039;Abba Frisca Parco Museo","article_publisher":"https:\/\/www.facebook.com\/sabbafrisca","article_modified_time":"2024-11-09T11:40:43+00:00","og_image":[{"width":2560,"height":1120,"url":"https:\/\/www.sabbafrisca.com\/wp-content\/uploads\/2019\/12\/Informazioni-scaled.jpg","type":"image\/jpeg"}],"twitter_card":"summary_large_image","twitter_site":"@sabbafrisca","twitter_misc":{"Dur\u00e9e de lecture estim\u00e9e":"1 minute"},"schema":{"@context":"https:\/\/schema.org","@graph":[{"@type":"WebPage","@id":"https:\/\/www.sabbafrisca.com\/fr\/informations\/","url":"https:\/\/www.sabbafrisca.com\/fr\/informations\/","name":"Informations - S&#039;Abba Frisca Parco Museo","isPartOf":{"@id":"https:\/\/www.sabbafrisca.com\/fr\/#website"},"primaryImageOfPage":{"@id":"https:\/\/www.sabbafrisca.com\/fr\/informations\/#primaryimage"},"image":{"@id":"https:\/\/www.sabbafrisca.com\/fr\/informations\/#primaryimage"},"thumbnailUrl":"https:\/\/www.sabbafrisca.com\/wp-content\/uploads\/2019\/12\/Informazioni-scaled.jpg","datePublished":"2019-11-08T18:55:01+00:00","dateModified":"2024-11-09T11:40:43+00:00","breadcrumb":{"@id":"https:\/\/www.sabbafrisca.com\/fr\/informations\/#breadcrumb"},"inLanguage":"fr-FR","potentialAction":[{"@type":"ReadAction","target":["https:\/\/www.sabbafrisca.com\/fr\/informations\/"]}]},{"@type":"ImageObject","inLanguage":"fr-FR","@id":"https:\/\/www.sabbafrisca.com\/fr\/informations\/#primaryimage","url":"https:\/\/www.sabbafrisca.com\/wp-content\/uploads\/2019\/12\/Informazioni-scaled.jpg","contentUrl":"https:\/\/www.sabbafrisca.com\/wp-content\/uploads\/2019\/12\/Informazioni-scaled.jpg","width":2560,"height":1120},{"@type":"BreadcrumbList","@id":"https:\/\/www.sabbafrisca.com\/fr\/informations\/#breadcrumb","itemListElement":[{"@type":"ListItem","position":1,"name":"Home","item":"https:\/\/www.sabbafrisca.com\/fr\/"},{"@type":"ListItem","position":2,"name":"Informations"}]},{"@type":"WebSite","@id":"https:\/\/www.sabbafrisca.com\/fr\/#website","url":"https:\/\/www.sabbafrisca.com\/fr\/","name":"S&#039;Abba Frisca Parco Museo","description":"A Dorgali, il Parco Museo della Sardegna","publisher":{"@id":"https:\/\/www.sabbafrisca.com\/fr\/#organization"},"potentialAction":[{"@type":"SearchAction","target":{"@type":"EntryPoint","urlTemplate":"https:\/\/www.sabbafrisca.com\/fr\/?s={search_term_string}"},"query-input":{"@type":"PropertyValueSpecification","valueRequired":true,"valueName":"search_term_string"}}],"inLanguage":"fr-FR"},{"@type":"Organization","@id":"https:\/\/www.sabbafrisca.com\/fr\/#organization","name":"Parco Museo S'Abba Frisca","url":"https:\/\/www.sabbafrisca.com\/fr\/","logo":{"@type":"ImageObject","inLanguage":"fr-FR","@id":"https:\/\/www.sabbafrisca.com\/fr\/#\/schema\/logo\/image\/","url":"https:\/\/www.sabbafrisca.com\/wp-content\/uploads\/2022\/01\/Marchio-a-colori.png","contentUrl":"https:\/\/www.sabbafrisca.com\/wp-content\/uploads\/2022\/01\/Marchio-a-colori.png","width":1500,"height":1572,"caption":"Parco Museo S'Abba Frisca"},"image":{"@id":"https:\/\/www.sabbafrisca.com\/fr\/#\/schema\/logo\/image\/"},"sameAs":["https:\/\/www.facebook.com\/sabbafrisca","https:\/\/x.com\/sabbafrisca","https:\/\/www.instagram.com\/sabbafrisca\/","https:\/\/twitter.com\/sabbafrisca"]}]}},"_links":{"self":[{"href":"https:\/\/www.sabbafrisca.com\/fr\/wp-json\/wp\/v2\/pages\/1270","targetHints":{"allow":["GET"]}}],"collection":[{"href":"https:\/\/www.sabbafrisca.com\/fr\/wp-json\/wp\/v2\/pages"}],"about":[{"href":"https:\/\/www.sabbafrisca.com\/fr\/wp-json\/wp\/v2\/types\/page"}],"author":[{"embeddable":true,"href":"https:\/\/www.sabbafrisca.com\/fr\/wp-json\/wp\/v2\/users\/1"}],"replies":[{"embeddable":true,"href":"https:\/\/www.sabbafrisca.com\/fr\/wp-json\/wp\/v2\/comments?post=1270"}],"version-history":[{"count":1,"href":"https:\/\/www.sabbafrisca.com\/fr\/wp-json\/wp\/v2\/pages\/1270\/revisions"}],"predecessor-version":[{"id":3448,"href":"https:\/\/www.sabbafrisca.com\/fr\/wp-json\/wp\/v2\/pages\/1270\/revisions\/3448"}],"wp:featuredmedia":[{"embeddable":true,"href":"https:\/\/www.sabbafrisca.com\/fr\/wp-json\/wp\/v2\/media\/952"}],"wp:attachment":[{"href":"https:\/\/www.sabbafrisca.com\/fr\/wp-json\/wp\/v2\/media?parent=1270"}],"curies":[{"name":"wp","href":"https:\/\/api.w.org\/{rel}","templated":true}]}}