{"id":3332,"date":"2019-11-08T19:54:30","date_gmt":"2019-11-08T18:54:30","guid":{"rendered":"https:\/\/www.sabbafrisca.com\/la-storia-del-parco-museo\/"},"modified":"2024-02-26T12:44:08","modified_gmt":"2024-02-26T11:44:08","slug":"historia-parku-muzealnego","status":"publish","type":"page","link":"https:\/\/www.sabbafrisca.com\/pl\/historia-parku-muzealnego\/","title":{"rendered":"Historia Parco Museo S&#8217;Abba Frisca"},"content":{"rendered":"\n<div class=\"wp-block-columns alignfull is-layout-flex wp-container-core-columns-is-layout-9d6595d7 wp-block-columns-is-layout-flex\">\n<div class=\"wp-block-column txt is-layout-flow wp-block-column-is-layout-flow\">\n<h2 class=\"wp-block-heading\"><strong><em>Historia Parku Muzealnego<\/em><\/strong><\/h2>\n\n\n\n<p>Park Muzealny i Skansen S&#8217;Abba Frisca znajduje si\u0119 w miasteczku <a href=\"https:\/\/www.sabbafrisca.com\/territorio\/dorgali\/\">Dorgali<\/a> w przekazywanym z pokolenia na pokolenie gospodarstwie rolnym, nieprzerwanie aktywnym i produktywnym od ponad dwustu lat.<br>W\u0142a\u015bciciel gospodarstwa &#8211; Portolu Secci, ju\u017c od najm\u0142odszych lat sp\u0119dza\u0142 cz\u0119\u015b\u0107 lata w S&#8217;Abba Frisca. Gospodarstwo zawdzi\u0119cza swoj\u0105 nazw\u0119 dziadkowi obecnego w\u0142a\u015bciciela &#8211; Antonio, kt\u00f3ry wybra\u0142 j\u0105 przez wzgl\u0105d na znajduj\u0105ce si\u0119 w tym rejonie obfite \u017ar\u00f3d\u0142a a tak\u017ce po to, aby wyr\u00f3\u017cnia\u0142a si\u0119 spo\u015br\u00f3d s\u0105siednich gospodarstw, kt\u00f3rych by\u0142 w\u0142a\u015bcicielem.<\/p>\n\n\n\n<p>Portolu, kt\u00f3ry od dziecka interesowa\u0142 si\u0119 przyrod\u0105 i starym sprz\u0119tem, nauczy\u0142 si\u0119 docenia\u0107 wszystkie dzia\u0142ania dziadka. Mury z kamienia wykonywane na sucho (bez u\u017cycia zaprawy) podtrzymuj\u0105 tarasy, na kt\u00f3rych wykonano efekty dekoracyjne w postaci warzyw, drzewek owocowych i kwiat\u00f3w dost\u0119pnych o ka\u017cdej porze roku.<\/p>\n\n\n\n<p>Przekszta\u0142cenie z gospodarstwa rolnego w Skansen natury i dziedzictwa nast\u0105pi\u0142o w momencie przej\u0119cia przez Portolu, kt\u00f3ry go rozbudowa\u0142, a pokazuj\u0105c \u017cycie wiejskie w minionych stuleciach, gdzie \u015bcie\u017cka etnograficzna przeplata si\u0119 z przyrodnicz\u0105, znacznie podni\u00f3s\u0142 jego warto\u015b\u0107. Nast\u0119pnie m\u0105drze i z niezwyk\u0142\u0105 pieczo\u0142owito\u015bci\u0105 pracowa\u0142 przez ostatnie czterdzie\u015bci lat nad przywr\u00f3ceniem mu pami\u0119ci historycznej. Przeprowadzi\u0142 wa\u017cne prace konstrukcyjne w pomieszczeniach, w celu zabezpieczenia znajduj\u0105cych si\u0119 tam przedmiot\u00f3w, kt\u00f3re niszcza\u0142y z biegiem lat i by\u0142y zaniedbywane, a ich liczba ros\u0142a z czasem, r\u00f3wnie\u017c dzi\u0119ki licznym darowiznom.<\/p>\n<\/div>\n\n\n\n<div class=\"wp-block-column is-layout-flow wp-block-column-is-layout-flow\">\n<figure class=\"wp-block-image size-large\"><img loading=\"lazy\" decoding=\"async\" width=\"960\" height=\"800\" src=\"https:\/\/www.sabbafrisca.com\/wp-content\/uploads\/2020\/03\/01-chi-siamo-NG.jpg\" alt=\"Mietitura del grano a S'Abba Frisca, foto pubblicata nel National Geographic nel 1916 in un articolo riguardante la Sardegna\" class=\"wp-image-787\" srcset=\"https:\/\/www.sabbafrisca.com\/wp-content\/uploads\/2020\/03\/01-chi-siamo-NG.jpg 960w, https:\/\/www.sabbafrisca.com\/wp-content\/uploads\/2020\/03\/01-chi-siamo-NG-768x640.jpg 768w, https:\/\/www.sabbafrisca.com\/wp-content\/uploads\/2020\/03\/01-chi-siamo-NG-167x139.jpg 167w, https:\/\/www.sabbafrisca.com\/wp-content\/uploads\/2020\/03\/01-chi-siamo-NG-250x208.jpg 250w, https:\/\/www.sabbafrisca.com\/wp-content\/uploads\/2020\/03\/01-chi-siamo-NG-332x277.jpg 332w, https:\/\/www.sabbafrisca.com\/wp-content\/uploads\/2020\/03\/01-chi-siamo-NG-400x333.jpg 400w, https:\/\/www.sabbafrisca.com\/wp-content\/uploads\/2020\/03\/01-chi-siamo-NG-533x444.jpg 533w, https:\/\/www.sabbafrisca.com\/wp-content\/uploads\/2020\/03\/01-chi-siamo-NG-666x555.jpg 666w, https:\/\/www.sabbafrisca.com\/wp-content\/uploads\/2020\/03\/01-chi-siamo-NG-749x624.jpg 749w, https:\/\/www.sabbafrisca.com\/wp-content\/uploads\/2020\/03\/01-chi-siamo-NG-832x693.jpg 832w, https:\/\/www.sabbafrisca.com\/wp-content\/uploads\/2020\/03\/01-chi-siamo-NG-334x278.jpg 334w, https:\/\/www.sabbafrisca.com\/wp-content\/uploads\/2020\/03\/01-chi-siamo-NG-499x416.jpg 499w, https:\/\/www.sabbafrisca.com\/wp-content\/uploads\/2020\/03\/01-chi-siamo-NG-665x554.jpg 665w, https:\/\/www.sabbafrisca.com\/wp-content\/uploads\/2020\/03\/01-chi-siamo-NG-799x666.jpg 799w\" sizes=\"auto, (max-width: 960px) 100vw, 960px\" \/><figcaption class=\"wp-element-caption\">Pietro Andrea i Vincenzo Secci w S&#8217;Abba Frisca,<br>\u201eNational Geographic\u201d, 1916. Zdj\u0119cie: Charles Will Wright.<\/figcaption><\/figure>\n<\/div>\n<\/div>\n\n\n\n<hr class=\"wp-block-separator has-css-opacity\"\/>\n\n\n\n<div class=\"wp-block-columns alignfull is-layout-flex wp-container-core-columns-is-layout-9d6595d7 wp-block-columns-is-layout-flex\">\n<div class=\"wp-block-column is-layout-flow wp-block-column-is-layout-flow\">\n<figure class=\"wp-block-image size-large\"><img loading=\"lazy\" decoding=\"async\" width=\"960\" height=\"640\" src=\"https:\/\/www.sabbafrisca.com\/wp-content\/uploads\/2020\/03\/02-chi-siamo-piante.jpg\" alt=\"Erbe officinali all'interno del museo\" class=\"wp-image-788\" srcset=\"https:\/\/www.sabbafrisca.com\/wp-content\/uploads\/2020\/03\/02-chi-siamo-piante.jpg 960w, https:\/\/www.sabbafrisca.com\/wp-content\/uploads\/2020\/03\/02-chi-siamo-piante-768x512.jpg 768w, https:\/\/www.sabbafrisca.com\/wp-content\/uploads\/2020\/03\/02-chi-siamo-piante-209x139.jpg 209w, https:\/\/www.sabbafrisca.com\/wp-content\/uploads\/2020\/03\/02-chi-siamo-piante-312x208.jpg 312w, https:\/\/www.sabbafrisca.com\/wp-content\/uploads\/2020\/03\/02-chi-siamo-piante-416x277.jpg 416w, https:\/\/www.sabbafrisca.com\/wp-content\/uploads\/2020\/03\/02-chi-siamo-piante-500x333.jpg 500w, https:\/\/www.sabbafrisca.com\/wp-content\/uploads\/2020\/03\/02-chi-siamo-piante-666x444.jpg 666w, https:\/\/www.sabbafrisca.com\/wp-content\/uploads\/2020\/03\/02-chi-siamo-piante-833x555.jpg 833w, https:\/\/www.sabbafrisca.com\/wp-content\/uploads\/2020\/03\/02-chi-siamo-piante-936x624.jpg 936w, https:\/\/www.sabbafrisca.com\/wp-content\/uploads\/2020\/03\/02-chi-siamo-piante-417x278.jpg 417w, https:\/\/www.sabbafrisca.com\/wp-content\/uploads\/2020\/03\/02-chi-siamo-piante-624x416.jpg 624w, https:\/\/www.sabbafrisca.com\/wp-content\/uploads\/2020\/03\/02-chi-siamo-piante-831x554.jpg 831w\" sizes=\"auto, (max-width: 960px) 100vw, 960px\" \/><\/figure>\n\n\n\n<figure class=\"wp-block-image size-large\"><img loading=\"lazy\" decoding=\"async\" width=\"960\" height=\"640\" src=\"https:\/\/www.sabbafrisca.com\/wp-content\/uploads\/2020\/03\/03-chi-siamo-portolu.jpg\" alt=\"Portolu Secci, fondatore del Parco Museo S'Abba Frisca \" class=\"wp-image-789\" srcset=\"https:\/\/www.sabbafrisca.com\/wp-content\/uploads\/2020\/03\/03-chi-siamo-portolu.jpg 960w, https:\/\/www.sabbafrisca.com\/wp-content\/uploads\/2020\/03\/03-chi-siamo-portolu-768x512.jpg 768w, https:\/\/www.sabbafrisca.com\/wp-content\/uploads\/2020\/03\/03-chi-siamo-portolu-209x139.jpg 209w, https:\/\/www.sabbafrisca.com\/wp-content\/uploads\/2020\/03\/03-chi-siamo-portolu-312x208.jpg 312w, https:\/\/www.sabbafrisca.com\/wp-content\/uploads\/2020\/03\/03-chi-siamo-portolu-416x277.jpg 416w, https:\/\/www.sabbafrisca.com\/wp-content\/uploads\/2020\/03\/03-chi-siamo-portolu-500x333.jpg 500w, https:\/\/www.sabbafrisca.com\/wp-content\/uploads\/2020\/03\/03-chi-siamo-portolu-666x444.jpg 666w, https:\/\/www.sabbafrisca.com\/wp-content\/uploads\/2020\/03\/03-chi-siamo-portolu-833x555.jpg 833w, https:\/\/www.sabbafrisca.com\/wp-content\/uploads\/2020\/03\/03-chi-siamo-portolu-936x624.jpg 936w, https:\/\/www.sabbafrisca.com\/wp-content\/uploads\/2020\/03\/03-chi-siamo-portolu-417x278.jpg 417w, https:\/\/www.sabbafrisca.com\/wp-content\/uploads\/2020\/03\/03-chi-siamo-portolu-624x416.jpg 624w, https:\/\/www.sabbafrisca.com\/wp-content\/uploads\/2020\/03\/03-chi-siamo-portolu-831x554.jpg 831w\" sizes=\"auto, (max-width: 960px) 100vw, 960px\" \/><\/figure>\n<\/div>\n\n\n\n<div class=\"wp-block-column txt is-layout-flow wp-block-column-is-layout-flow\">\n<p><\/p>\n\n\n\n<h2 class=\"wp-block-heading\"><strong><em>Skansen na Sardynii<\/em><\/strong><\/h2>\n\n\n\n<p>W p\u00f3\u017aniejszych latach &#8211; r\u00f3wnie\u017c dzi\u0119ki pomocy \u017cony Laury i dzieci &#8211; Gianluca, Marcello i Pierandrea &#8211; to miejsce sta\u0142o si\u0119 wyj\u0105tkowym tego typu, obiektem noclegowym we W\u0142oszech z zachowanymi, pierwotnymi cechami gospodarstwa rolnego. Aktualnie to jedna z najwa\u017cniejszych ofert turystycznych na wyspie Sardynii.<\/p>\n\n\n\n<p>W ten w\u0142a\u015bnie spos\u00f3b S&#8217;Abba Frisca zosta\u0142a doceniona w 2018 roku przez Region <strong>Sardynii<\/strong> jako <a href=\"https:\/\/www.sabbafrisca.com\/\">muzeum etnograficzne<\/a> i naturalistyczne najbardziej kompletne i realistyczne na ca\u0142ej wyspie.&nbsp; To pierwsze prywatne muzeum wpisane do regionalnego rejestru instytucji i miejsc kultury.<\/p>\n\n\n\n<p>Historia Skansenu S&#8217;Abba Frisca nadal trwa. Ca\u0142a rodzina pracuje nad rozbudow\u0105 parku, opiekuj\u0105c si\u0119 nim, opracowuj\u0105c i przekazuj\u0105c bogat\u0105 histori\u0119 i kultur\u0119 Sardynii.<\/p>\n<\/div>\n<\/div>\n\n\n\n\n\n<a href=\"https:\/\/www.sabbafrisca.com\/wp-content\/uploads\/2021\/08\/Statuto-Regolamento-Atto-istitutivo.pdf\" download=\"\">Scarica lo statuto del Parco Museo S&#8217;Abba Frisca<\/a>\n\n\n\n<br><a href=\"https:\/\/www.sabbafrisca.com\/wp-content\/uploads\/2021\/08\/Carta-della-qualita-dei-Servizi-1.pdf\" download>Scarica la Carta della qualit\u00e0 dei servizi<\/a><\/div>\n","protected":false},"excerpt":{"rendered":"<p>Historia Parku Muzealnego Park Muzealny i Skansen S&#8217;Abba Frisca znajduje si\u0119 w miasteczku Dorgali w przekazywanym z pokolenia na pokolenie gospodarstwie rolnym, nieprzerwanie aktywnym i produktywnym od ponad dwustu lat.W\u0142a\u015bciciel&#8230;<\/p>\n","protected":false},"author":1,"featured_media":2680,"parent":0,"menu_order":0,"comment_status":"closed","ping_status":"closed","template":"page.php","meta":{"_acf_changed":false,"footnotes":""},"class_list":["post-3332","page","type-page","status-publish","has-post-thumbnail","hentry"],"acf":[],"yoast_head":"<!-- This site is optimized with the Yoast SEO plugin v25.9 - https:\/\/yoast.com\/wordpress\/plugins\/seo\/ -->\n<title>Skansen S&#039;Abba Frisca znajduje si\u0119 w miasteczku Dorgali w przekazywany<\/title>\n<meta name=\"description\" content=\"Skansen S&#039;Abba Frisca znajduje si\u0119 w miasteczku Dorgali w przekazywany\" \/>\n<meta name=\"robots\" content=\"index, follow, max-snippet:-1, max-image-preview:large, max-video-preview:-1\" \/>\n<link rel=\"canonical\" href=\"https:\/\/www.sabbafrisca.com\/pl\/historia-parku-muzealnego\/\" \/>\n<meta property=\"og:locale\" content=\"pl_PL\" \/>\n<meta property=\"og:type\" content=\"article\" \/>\n<meta property=\"og:title\" content=\"Skansen S&#039;Abba Frisca znajduje si\u0119 w miasteczku Dorgali w przekazywany\" \/>\n<meta property=\"og:description\" content=\"Skansen S&#039;Abba Frisca znajduje si\u0119 w miasteczku Dorgali w przekazywany\" \/>\n<meta property=\"og:url\" content=\"https:\/\/www.sabbafrisca.com\/pl\/historia-parku-muzealnego\/\" \/>\n<meta property=\"og:site_name\" content=\"S&#039;Abba Frisca Parco Museo\" \/>\n<meta property=\"article:publisher\" content=\"https:\/\/www.facebook.com\/sabbafrisca\" \/>\n<meta property=\"article:modified_time\" content=\"2024-02-26T11:44:08+00:00\" \/>\n<meta property=\"og:image\" content=\"https:\/\/www.sabbafrisca.com\/wp-content\/uploads\/2019\/12\/chi_siamo-scaled.jpg\" \/>\n\t<meta property=\"og:image:width\" content=\"2560\" \/>\n\t<meta property=\"og:image:height\" content=\"1120\" \/>\n\t<meta property=\"og:image:type\" content=\"image\/jpeg\" \/>\n<meta name=\"twitter:card\" content=\"summary_large_image\" \/>\n<meta name=\"twitter:site\" content=\"@sabbafrisca\" \/>\n<meta name=\"twitter:label1\" content=\"Szacowany czas czytania\" \/>\n\t<meta name=\"twitter:data1\" content=\"3 minuty\" \/>\n<script type=\"application\/ld+json\" class=\"yoast-schema-graph\">{\"@context\":\"https:\/\/schema.org\",\"@graph\":[{\"@type\":\"WebPage\",\"@id\":\"https:\/\/www.sabbafrisca.com\/pl\/historia-parku-muzealnego\/\",\"url\":\"https:\/\/www.sabbafrisca.com\/pl\/historia-parku-muzealnego\/\",\"name\":\"Skansen S'Abba Frisca znajduje si\u0119 w miasteczku Dorgali w przekazywany\",\"isPartOf\":{\"@id\":\"https:\/\/www.sabbafrisca.com\/pl\/#website\"},\"primaryImageOfPage\":{\"@id\":\"https:\/\/www.sabbafrisca.com\/pl\/historia-parku-muzealnego\/#primaryimage\"},\"image\":{\"@id\":\"https:\/\/www.sabbafrisca.com\/pl\/historia-parku-muzealnego\/#primaryimage\"},\"thumbnailUrl\":\"https:\/\/www.sabbafrisca.com\/wp-content\/uploads\/2019\/12\/chi_siamo-scaled.jpg\",\"datePublished\":\"2019-11-08T18:54:30+00:00\",\"dateModified\":\"2024-02-26T11:44:08+00:00\",\"description\":\"Skansen S'Abba Frisca znajduje si\u0119 w miasteczku Dorgali w przekazywany\",\"breadcrumb\":{\"@id\":\"https:\/\/www.sabbafrisca.com\/pl\/historia-parku-muzealnego\/#breadcrumb\"},\"inLanguage\":\"pl-PL\",\"potentialAction\":[{\"@type\":\"ReadAction\",\"target\":[\"https:\/\/www.sabbafrisca.com\/pl\/historia-parku-muzealnego\/\"]}]},{\"@type\":\"ImageObject\",\"inLanguage\":\"pl-PL\",\"@id\":\"https:\/\/www.sabbafrisca.com\/pl\/historia-parku-muzealnego\/#primaryimage\",\"url\":\"https:\/\/www.sabbafrisca.com\/wp-content\/uploads\/2019\/12\/chi_siamo-scaled.jpg\",\"contentUrl\":\"https:\/\/www.sabbafrisca.com\/wp-content\/uploads\/2019\/12\/chi_siamo-scaled.jpg\",\"width\":2560,\"height\":1120},{\"@type\":\"BreadcrumbList\",\"@id\":\"https:\/\/www.sabbafrisca.com\/pl\/historia-parku-muzealnego\/#breadcrumb\",\"itemListElement\":[{\"@type\":\"ListItem\",\"position\":1,\"name\":\"Home\",\"item\":\"https:\/\/www.sabbafrisca.com\/pl\/parco-museo-sabba-frisca\/\"},{\"@type\":\"ListItem\",\"position\":2,\"name\":\"Historia Parco Museo S&#8217;Abba Frisca\"}]},{\"@type\":\"WebSite\",\"@id\":\"https:\/\/www.sabbafrisca.com\/pl\/#website\",\"url\":\"https:\/\/www.sabbafrisca.com\/pl\/\",\"name\":\"S&#039;Abba Frisca Parco Museo\",\"description\":\"A Dorgali, il Parco Museo della Sardegna\",\"publisher\":{\"@id\":\"https:\/\/www.sabbafrisca.com\/pl\/#organization\"},\"potentialAction\":[{\"@type\":\"SearchAction\",\"target\":{\"@type\":\"EntryPoint\",\"urlTemplate\":\"https:\/\/www.sabbafrisca.com\/pl\/?s={search_term_string}\"},\"query-input\":{\"@type\":\"PropertyValueSpecification\",\"valueRequired\":true,\"valueName\":\"search_term_string\"}}],\"inLanguage\":\"pl-PL\"},{\"@type\":\"Organization\",\"@id\":\"https:\/\/www.sabbafrisca.com\/pl\/#organization\",\"name\":\"Parco Museo S'Abba Frisca\",\"url\":\"https:\/\/www.sabbafrisca.com\/pl\/\",\"logo\":{\"@type\":\"ImageObject\",\"inLanguage\":\"pl-PL\",\"@id\":\"https:\/\/www.sabbafrisca.com\/pl\/#\/schema\/logo\/image\/\",\"url\":\"https:\/\/www.sabbafrisca.com\/wp-content\/uploads\/2022\/01\/Marchio-a-colori.png\",\"contentUrl\":\"https:\/\/www.sabbafrisca.com\/wp-content\/uploads\/2022\/01\/Marchio-a-colori.png\",\"width\":1500,\"height\":1572,\"caption\":\"Parco Museo S'Abba Frisca\"},\"image\":{\"@id\":\"https:\/\/www.sabbafrisca.com\/pl\/#\/schema\/logo\/image\/\"},\"sameAs\":[\"https:\/\/www.facebook.com\/sabbafrisca\",\"https:\/\/x.com\/sabbafrisca\",\"https:\/\/www.instagram.com\/sabbafrisca\/\",\"https:\/\/twitter.com\/sabbafrisca\"]}]}<\/script>\n<!-- \/ Yoast SEO plugin. -->","yoast_head_json":{"title":"Skansen S'Abba Frisca znajduje si\u0119 w miasteczku Dorgali w przekazywany","description":"Skansen S'Abba Frisca znajduje si\u0119 w miasteczku Dorgali w przekazywany","robots":{"index":"index","follow":"follow","max-snippet":"max-snippet:-1","max-image-preview":"max-image-preview:large","max-video-preview":"max-video-preview:-1"},"canonical":"https:\/\/www.sabbafrisca.com\/pl\/historia-parku-muzealnego\/","og_locale":"pl_PL","og_type":"article","og_title":"Skansen S'Abba Frisca znajduje si\u0119 w miasteczku Dorgali w przekazywany","og_description":"Skansen S'Abba Frisca znajduje si\u0119 w miasteczku Dorgali w przekazywany","og_url":"https:\/\/www.sabbafrisca.com\/pl\/historia-parku-muzealnego\/","og_site_name":"S&#039;Abba Frisca Parco Museo","article_publisher":"https:\/\/www.facebook.com\/sabbafrisca","article_modified_time":"2024-02-26T11:44:08+00:00","og_image":[{"width":2560,"height":1120,"url":"https:\/\/www.sabbafrisca.com\/wp-content\/uploads\/2019\/12\/chi_siamo-scaled.jpg","type":"image\/jpeg"}],"twitter_card":"summary_large_image","twitter_site":"@sabbafrisca","twitter_misc":{"Szacowany czas czytania":"3 minuty"},"schema":{"@context":"https:\/\/schema.org","@graph":[{"@type":"WebPage","@id":"https:\/\/www.sabbafrisca.com\/pl\/historia-parku-muzealnego\/","url":"https:\/\/www.sabbafrisca.com\/pl\/historia-parku-muzealnego\/","name":"Skansen S'Abba Frisca znajduje si\u0119 w miasteczku Dorgali w przekazywany","isPartOf":{"@id":"https:\/\/www.sabbafrisca.com\/pl\/#website"},"primaryImageOfPage":{"@id":"https:\/\/www.sabbafrisca.com\/pl\/historia-parku-muzealnego\/#primaryimage"},"image":{"@id":"https:\/\/www.sabbafrisca.com\/pl\/historia-parku-muzealnego\/#primaryimage"},"thumbnailUrl":"https:\/\/www.sabbafrisca.com\/wp-content\/uploads\/2019\/12\/chi_siamo-scaled.jpg","datePublished":"2019-11-08T18:54:30+00:00","dateModified":"2024-02-26T11:44:08+00:00","description":"Skansen S'Abba Frisca znajduje si\u0119 w miasteczku Dorgali w przekazywany","breadcrumb":{"@id":"https:\/\/www.sabbafrisca.com\/pl\/historia-parku-muzealnego\/#breadcrumb"},"inLanguage":"pl-PL","potentialAction":[{"@type":"ReadAction","target":["https:\/\/www.sabbafrisca.com\/pl\/historia-parku-muzealnego\/"]}]},{"@type":"ImageObject","inLanguage":"pl-PL","@id":"https:\/\/www.sabbafrisca.com\/pl\/historia-parku-muzealnego\/#primaryimage","url":"https:\/\/www.sabbafrisca.com\/wp-content\/uploads\/2019\/12\/chi_siamo-scaled.jpg","contentUrl":"https:\/\/www.sabbafrisca.com\/wp-content\/uploads\/2019\/12\/chi_siamo-scaled.jpg","width":2560,"height":1120},{"@type":"BreadcrumbList","@id":"https:\/\/www.sabbafrisca.com\/pl\/historia-parku-muzealnego\/#breadcrumb","itemListElement":[{"@type":"ListItem","position":1,"name":"Home","item":"https:\/\/www.sabbafrisca.com\/pl\/parco-museo-sabba-frisca\/"},{"@type":"ListItem","position":2,"name":"Historia Parco Museo S&#8217;Abba Frisca"}]},{"@type":"WebSite","@id":"https:\/\/www.sabbafrisca.com\/pl\/#website","url":"https:\/\/www.sabbafrisca.com\/pl\/","name":"S&#039;Abba Frisca Parco Museo","description":"A Dorgali, il Parco Museo della Sardegna","publisher":{"@id":"https:\/\/www.sabbafrisca.com\/pl\/#organization"},"potentialAction":[{"@type":"SearchAction","target":{"@type":"EntryPoint","urlTemplate":"https:\/\/www.sabbafrisca.com\/pl\/?s={search_term_string}"},"query-input":{"@type":"PropertyValueSpecification","valueRequired":true,"valueName":"search_term_string"}}],"inLanguage":"pl-PL"},{"@type":"Organization","@id":"https:\/\/www.sabbafrisca.com\/pl\/#organization","name":"Parco Museo S'Abba Frisca","url":"https:\/\/www.sabbafrisca.com\/pl\/","logo":{"@type":"ImageObject","inLanguage":"pl-PL","@id":"https:\/\/www.sabbafrisca.com\/pl\/#\/schema\/logo\/image\/","url":"https:\/\/www.sabbafrisca.com\/wp-content\/uploads\/2022\/01\/Marchio-a-colori.png","contentUrl":"https:\/\/www.sabbafrisca.com\/wp-content\/uploads\/2022\/01\/Marchio-a-colori.png","width":1500,"height":1572,"caption":"Parco Museo S'Abba Frisca"},"image":{"@id":"https:\/\/www.sabbafrisca.com\/pl\/#\/schema\/logo\/image\/"},"sameAs":["https:\/\/www.facebook.com\/sabbafrisca","https:\/\/x.com\/sabbafrisca","https:\/\/www.instagram.com\/sabbafrisca\/","https:\/\/twitter.com\/sabbafrisca"]}]}},"_links":{"self":[{"href":"https:\/\/www.sabbafrisca.com\/pl\/wp-json\/wp\/v2\/pages\/3332","targetHints":{"allow":["GET"]}}],"collection":[{"href":"https:\/\/www.sabbafrisca.com\/pl\/wp-json\/wp\/v2\/pages"}],"about":[{"href":"https:\/\/www.sabbafrisca.com\/pl\/wp-json\/wp\/v2\/types\/page"}],"author":[{"embeddable":true,"href":"https:\/\/www.sabbafrisca.com\/pl\/wp-json\/wp\/v2\/users\/1"}],"replies":[{"embeddable":true,"href":"https:\/\/www.sabbafrisca.com\/pl\/wp-json\/wp\/v2\/comments?post=3332"}],"version-history":[{"count":1,"href":"https:\/\/www.sabbafrisca.com\/pl\/wp-json\/wp\/v2\/pages\/3332\/revisions"}],"predecessor-version":[{"id":3334,"href":"https:\/\/www.sabbafrisca.com\/pl\/wp-json\/wp\/v2\/pages\/3332\/revisions\/3334"}],"wp:featuredmedia":[{"embeddable":true,"href":"https:\/\/www.sabbafrisca.com\/pl\/wp-json\/wp\/v2\/media\/2680"}],"wp:attachment":[{"href":"https:\/\/www.sabbafrisca.com\/pl\/wp-json\/wp\/v2\/media?parent=3332"}],"curies":[{"name":"wp","href":"https:\/\/api.w.org\/{rel}","templated":true}]}}